{"id":120,"date":"2023-07-24T11:41:40","date_gmt":"2023-07-24T11:41:40","guid":{"rendered":"https:\/\/vigorous-ellis.185-114-109-121.plesk.page\/?page_id=120"},"modified":"2023-07-28T17:23:03","modified_gmt":"2023-07-28T17:23:03","slug":"per-info-prezzi","status":"publish","type":"page","link":"https:\/\/lumiartdesign.it\/index.php\/per-info-prezzi\/","title":{"rendered":"Per Info &#038; Prezzi"},"content":{"rendered":"\n<p>Benvenuti nel nostro sito informativo sui prodotti! Siamo felici di fornirvi tutte le informazioni necessarie sui nostri prodotti in modo semplice e veloce.<\/p>\n\n\n\n<p>Come funziona:<\/p>\n\n\n\n<ol class=\"wp-block-list\">\n<li>Navigazione dei prodotti: Troverete un elenco di prodotti disponibili nella nostra pagina <strong><a href=\"https:\/\/lumiartdesign.it\/index.php\/per-info-prezzi\/\">Creazioni<\/a><\/strong>.<\/li>\n\n\n\n<li>Per visualizzare le informazioni di un prodotto specifico, \u00e8 sufficiente fare clic sul prodotto di interesse.<\/li>\n\n\n\n<li>Assistenza clienti: Per qualsiasi domanda, dubbio o bisogno di supporto, potete contare sul nostro team di Assistenza Clienti dedicato. Basta fare clic sull&#8217;icona del pensante verde &#8220;Assistenza Clienti&#8221; posizionata sulla parte superiore della pagina o nell&#8217;angolo inferiore destro. Questo vi metter\u00e0 immediatamente in contatto con il primo operatore disponibile, pronto ad aiutarvi 24 ore su 24, 7 giorni su 7.<\/li>\n<\/ol>\n\n\n\n<p>I vantaggi del nostro servizio di Assistenza Clienti:<\/p>\n\n\n\n<ul class=\"wp-block-list\">\n<li>Risposte tempestive: Il nostro team di operatori \u00e8 sempre pronto ad assistervi e risolvere le vostre domande rapidamente.<\/li>\n\n\n\n<li>Supporto personalizzato: Ogni operatore \u00e8 altamente qualificato per fornire un supporto personalizzato in base alle vostre esigenze specifiche.<\/li>\n\n\n\n<li>Disponibilit\u00e0 24\/24 H: Siamo sempre qui per voi, a qualsiasi ora del giorno o della notte.<\/li>\n<\/ul>\n\n\n\n<p>La vostra soddisfazione \u00e8 la nostra priorit\u00e0, e siamo pronti a rendere la vostra esperienza sul nostro sito il pi\u00f9 piacevole possibile. Non esitate a contattarci tramite l&#8217;Assistenza Clienti per qualsiasi informazione o richiesta.<\/p>\n\n\n\n<p>Grazie per aver scelto il nostro sito per le vostre esigenze informative sui prodotti. <\/p>\n\n\n\n<p>Buona navigazione.<\/p>\n\n\n\n<div style=\"height:100px\" aria-hidden=\"true\" class=\"wp-block-spacer\"><\/div>\n\n\n<div class=\"is-default-size aligncenter wp-block-site-logo\"><a href=\"https:\/\/lumiartdesign.it\/\" class=\"navbar-brand\" rel=\"home\"><img loading=\"lazy\" decoding=\"async\" width=\"166\" height=\"88\" src=\"https:\/\/lumiartdesign.it\/wp-content\/uploads\/2023\/07\/cropped-Gruppo-di-5-oggettifavicon-1.png\" class=\"custom-logo\" alt=\"LUMI ART DESIGN\" \/><\/a><\/div>\n\n<nav class=\"is-responsive items-justified-center wp-block-navigation is-content-justification-center is-layout-flex wp-container-core-navigation-is-layout-16018d1d wp-block-navigation-is-layout-flex\" aria-label=\"lad\" \n\t\t data-wp-interactive=\"core\/navigation\" data-wp-context='{\"overlayOpenedBy\":{\"click\":false,\"hover\":false,\"focus\":false},\"type\":\"overlay\",\"roleAttribute\":\"\",\"ariaLabel\":\"Menu\"}'><button aria-haspopup=\"dialog\" aria-label=\"Apri menu\" class=\"wp-block-navigation__responsive-container-open\" \n\t\t\t\tdata-wp-on--click=\"actions.openMenuOnClick\"\n\t\t\t\tdata-wp-on--keydown=\"actions.handleMenuKeydown\"\n\t\t\t><svg width=\"24\" height=\"24\" xmlns=\"http:\/\/www.w3.org\/2000\/svg\" viewBox=\"0 0 24 24\" aria-hidden=\"true\" focusable=\"false\"><path d=\"M4 7.5h16v1.5H4z\"><\/path><path d=\"M4 15h16v1.5H4z\"><\/path><\/svg><\/button>\n\t\t\t\t<div class=\"wp-block-navigation__responsive-container\"  id=\"modal-1\" \n\t\t\t\tdata-wp-class--has-modal-open=\"state.isMenuOpen\"\n\t\t\t\tdata-wp-class--is-menu-open=\"state.isMenuOpen\"\n\t\t\t\tdata-wp-watch=\"callbacks.initMenu\"\n\t\t\t\tdata-wp-on--keydown=\"actions.handleMenuKeydown\"\n\t\t\t\tdata-wp-on--focusout=\"actions.handleMenuFocusout\"\n\t\t\t\ttabindex=\"-1\"\n\t\t\t>\n\t\t\t\t\t<div class=\"wp-block-navigation__responsive-close\" tabindex=\"-1\">\n\t\t\t\t\t\t<div class=\"wp-block-navigation__responsive-dialog\" \n\t\t\t\tdata-wp-bind--aria-modal=\"state.ariaModal\"\n\t\t\t\tdata-wp-bind--aria-label=\"state.ariaLabel\"\n\t\t\t\tdata-wp-bind--role=\"state.roleAttribute\"\n\t\t\t>\n\t\t\t\t\t\t\t<button aria-label=\"Chiudi menu\" class=\"wp-block-navigation__responsive-container-close\" \n\t\t\t\tdata-wp-on--click=\"actions.closeMenuOnClick\"\n\t\t\t><svg xmlns=\"http:\/\/www.w3.org\/2000\/svg\" viewBox=\"0 0 24 24\" width=\"24\" height=\"24\" aria-hidden=\"true\" focusable=\"false\"><path d=\"m13.06 12 6.47-6.47-1.06-1.06L12 10.94 5.53 4.47 4.47 5.53 10.94 12l-6.47 6.47 1.06 1.06L12 13.06l6.47 6.47 1.06-1.06L13.06 12Z\"><\/path><\/svg><\/button>\n\t\t\t\t\t\t\t<div class=\"wp-block-navigation__responsive-container-content\" \n\t\t\t\tdata-wp-watch=\"callbacks.focusFirstElement\"\n\t\t\t id=\"modal-1-content\">\n\t\t\t\t\t\t\t\t<ul class=\"wp-block-navigation__container is-responsive items-justified-center wp-block-navigation\"><li class=\" wp-block-navigation-item wp-block-navigation-link\"><a class=\"wp-block-navigation-item__content\"  href=\"https:\/\/lumiartdesign.it\/\"><span class=\"wp-block-navigation-item__label\">Home<\/span><\/a><\/li><li class=\" wp-block-navigation-item wp-block-navigation-link\"><a class=\"wp-block-navigation-item__content\"  href=\"https:\/\/lumiartdesign.it\/index.php\/chi-siamo\/\"><span class=\"wp-block-navigation-item__label\">Chi sono<\/span><\/a><\/li><li class=\" wp-block-navigation-item wp-block-navigation-link\"><a class=\"wp-block-navigation-item__content\"  href=\"https:\/\/lumiartdesign.it\/index.php\/creazioni\/\"><span class=\"wp-block-navigation-item__label\">Creazioni<\/span><\/a><\/li><li class=\" wp-block-navigation-item wp-block-navigation-link\"><a class=\"wp-block-navigation-item__content\"  href=\"https:\/\/lumiartdesign.it\/index.php\/contatti\/\"><span class=\"wp-block-navigation-item__label\">Contatti<\/span><\/a><\/li><\/ul>\n\t\t\t\t\t\t\t<\/div>\n\t\t\t\t\t\t<\/div>\n\t\t\t\t\t<\/div>\n\t\t\t\t<\/div><\/nav>","protected":false},"excerpt":{"rendered":"<p>Benvenuti nel nostro sito informativo sui prodotti! Siamo felici di fornirvi tutte le informazioni necessarie sui nostri prodotti in modo semplice e veloce. Come funziona: I vantaggi del nostro servizio di Assistenza Clienti: La vostra soddisfazione \u00e8 la nostra priorit\u00e0, e siamo pronti a rendere la vostra esperienza sul nostro sito il pi\u00f9 piacevole possibile. [&hellip;]<\/p>\n","protected":false},"author":1,"featured_media":0,"parent":0,"menu_order":0,"comment_status":"closed","ping_status":"closed","template":"","meta":{"_eb_attr":"","footnotes":""},"class_list":["post-120","page","type-page","status-publish","hentry"],"yoast_head":"<!-- This site is optimized with the Yoast SEO plugin v27.6 - https:\/\/yoast.com\/product\/yoast-seo-wordpress\/ -->\n<title>Per Info &amp; Prezzi - LUMI ART DESIGN<\/title>\n<meta name=\"robots\" content=\"index, follow, max-snippet:-1, max-image-preview:large, max-video-preview:-1\" \/>\n<link rel=\"canonical\" href=\"https:\/\/lumiartdesign.it\/index.php\/per-info-prezzi\/\" \/>\n<meta property=\"og:locale\" content=\"it_IT\" \/>\n<meta property=\"og:type\" content=\"article\" \/>\n<meta property=\"og:title\" content=\"Per Info &amp; Prezzi - LUMI ART DESIGN\" \/>\n<meta property=\"og:description\" content=\"Benvenuti nel nostro sito informativo sui prodotti! Siamo felici di fornirvi tutte le informazioni necessarie sui nostri prodotti in modo semplice e veloce. Come funziona: I vantaggi del nostro servizio di Assistenza Clienti: La vostra soddisfazione \u00e8 la nostra priorit\u00e0, e siamo pronti a rendere la vostra esperienza sul nostro sito il pi\u00f9 piacevole possibile. [&hellip;]\" \/>\n<meta property=\"og:url\" content=\"https:\/\/lumiartdesign.it\/index.php\/per-info-prezzi\/\" \/>\n<meta property=\"og:site_name\" content=\"LUMI ART DESIGN\" \/>\n<meta property=\"article:modified_time\" content=\"2023-07-28T17:23:03+00:00\" \/>\n<meta name=\"twitter:card\" content=\"summary_large_image\" \/>\n<meta name=\"twitter:label1\" content=\"Tempo di lettura stimato\" \/>\n\t<meta name=\"twitter:data1\" content=\"2 minuti\" \/>\n<script type=\"application\/ld+json\" class=\"yoast-schema-graph\">{\"@context\":\"https:\\\/\\\/schema.org\",\"@graph\":[{\"@type\":\"WebPage\",\"@id\":\"https:\\\/\\\/lumiartdesign.it\\\/index.php\\\/per-info-prezzi\\\/\",\"url\":\"https:\\\/\\\/lumiartdesign.it\\\/index.php\\\/per-info-prezzi\\\/\",\"name\":\"Per Info & Prezzi - LUMI ART DESIGN\",\"isPartOf\":{\"@id\":\"https:\\\/\\\/lumiartdesign.it\\\/#website\"},\"datePublished\":\"2023-07-24T11:41:40+00:00\",\"dateModified\":\"2023-07-28T17:23:03+00:00\",\"breadcrumb\":{\"@id\":\"https:\\\/\\\/lumiartdesign.it\\\/index.php\\\/per-info-prezzi\\\/#breadcrumb\"},\"inLanguage\":\"it-IT\",\"potentialAction\":[{\"@type\":\"ReadAction\",\"target\":[\"https:\\\/\\\/lumiartdesign.it\\\/index.php\\\/per-info-prezzi\\\/\"]}]},{\"@type\":\"BreadcrumbList\",\"@id\":\"https:\\\/\\\/lumiartdesign.it\\\/index.php\\\/per-info-prezzi\\\/#breadcrumb\",\"itemListElement\":[{\"@type\":\"ListItem\",\"position\":1,\"name\":\"Home\",\"item\":\"https:\\\/\\\/lumiartdesign.it\\\/\"},{\"@type\":\"ListItem\",\"position\":2,\"name\":\"Per Info &#038; Prezzi\"}]},{\"@type\":\"WebSite\",\"@id\":\"https:\\\/\\\/lumiartdesign.it\\\/#website\",\"url\":\"https:\\\/\\\/lumiartdesign.it\\\/\",\"name\":\"LUMI ART DESIGN\",\"description\":\"by Rosario Bruno\",\"publisher\":{\"@id\":\"https:\\\/\\\/lumiartdesign.it\\\/#organization\"},\"potentialAction\":[{\"@type\":\"SearchAction\",\"target\":{\"@type\":\"EntryPoint\",\"urlTemplate\":\"https:\\\/\\\/lumiartdesign.it\\\/?s={search_term_string}\"},\"query-input\":{\"@type\":\"PropertyValueSpecification\",\"valueRequired\":true,\"valueName\":\"search_term_string\"}}],\"inLanguage\":\"it-IT\"},{\"@type\":\"Organization\",\"@id\":\"https:\\\/\\\/lumiartdesign.it\\\/#organization\",\"name\":\"LUMI ART DESIGN\",\"url\":\"https:\\\/\\\/lumiartdesign.it\\\/\",\"logo\":{\"@type\":\"ImageObject\",\"inLanguage\":\"it-IT\",\"@id\":\"https:\\\/\\\/lumiartdesign.it\\\/#\\\/schema\\\/logo\\\/image\\\/\",\"url\":\"https:\\\/\\\/lumiartdesign.it\\\/wp-content\\\/uploads\\\/2023\\\/07\\\/cropped-Gruppo-di-5-oggettifavicon-1.png\",\"contentUrl\":\"https:\\\/\\\/lumiartdesign.it\\\/wp-content\\\/uploads\\\/2023\\\/07\\\/cropped-Gruppo-di-5-oggettifavicon-1.png\",\"width\":166,\"height\":88,\"caption\":\"LUMI ART DESIGN\"},\"image\":{\"@id\":\"https:\\\/\\\/lumiartdesign.it\\\/#\\\/schema\\\/logo\\\/image\\\/\"}}]}<\/script>\n<!-- \/ Yoast SEO plugin. -->","yoast_head_json":{"title":"Per Info & Prezzi - LUMI ART DESIGN","robots":{"index":"index","follow":"follow","max-snippet":"max-snippet:-1","max-image-preview":"max-image-preview:large","max-video-preview":"max-video-preview:-1"},"canonical":"https:\/\/lumiartdesign.it\/index.php\/per-info-prezzi\/","og_locale":"it_IT","og_type":"article","og_title":"Per Info & Prezzi - LUMI ART DESIGN","og_description":"Benvenuti nel nostro sito informativo sui prodotti! Siamo felici di fornirvi tutte le informazioni necessarie sui nostri prodotti in modo semplice e veloce. Come funziona: I vantaggi del nostro servizio di Assistenza Clienti: La vostra soddisfazione \u00e8 la nostra priorit\u00e0, e siamo pronti a rendere la vostra esperienza sul nostro sito il pi\u00f9 piacevole possibile. [&hellip;]","og_url":"https:\/\/lumiartdesign.it\/index.php\/per-info-prezzi\/","og_site_name":"LUMI ART DESIGN","article_modified_time":"2023-07-28T17:23:03+00:00","twitter_card":"summary_large_image","twitter_misc":{"Tempo di lettura stimato":"2 minuti"},"schema":{"@context":"https:\/\/schema.org","@graph":[{"@type":"WebPage","@id":"https:\/\/lumiartdesign.it\/index.php\/per-info-prezzi\/","url":"https:\/\/lumiartdesign.it\/index.php\/per-info-prezzi\/","name":"Per Info & Prezzi - LUMI ART DESIGN","isPartOf":{"@id":"https:\/\/lumiartdesign.it\/#website"},"datePublished":"2023-07-24T11:41:40+00:00","dateModified":"2023-07-28T17:23:03+00:00","breadcrumb":{"@id":"https:\/\/lumiartdesign.it\/index.php\/per-info-prezzi\/#breadcrumb"},"inLanguage":"it-IT","potentialAction":[{"@type":"ReadAction","target":["https:\/\/lumiartdesign.it\/index.php\/per-info-prezzi\/"]}]},{"@type":"BreadcrumbList","@id":"https:\/\/lumiartdesign.it\/index.php\/per-info-prezzi\/#breadcrumb","itemListElement":[{"@type":"ListItem","position":1,"name":"Home","item":"https:\/\/lumiartdesign.it\/"},{"@type":"ListItem","position":2,"name":"Per Info &#038; Prezzi"}]},{"@type":"WebSite","@id":"https:\/\/lumiartdesign.it\/#website","url":"https:\/\/lumiartdesign.it\/","name":"LUMI ART DESIGN","description":"by Rosario Bruno","publisher":{"@id":"https:\/\/lumiartdesign.it\/#organization"},"potentialAction":[{"@type":"SearchAction","target":{"@type":"EntryPoint","urlTemplate":"https:\/\/lumiartdesign.it\/?s={search_term_string}"},"query-input":{"@type":"PropertyValueSpecification","valueRequired":true,"valueName":"search_term_string"}}],"inLanguage":"it-IT"},{"@type":"Organization","@id":"https:\/\/lumiartdesign.it\/#organization","name":"LUMI ART DESIGN","url":"https:\/\/lumiartdesign.it\/","logo":{"@type":"ImageObject","inLanguage":"it-IT","@id":"https:\/\/lumiartdesign.it\/#\/schema\/logo\/image\/","url":"https:\/\/lumiartdesign.it\/wp-content\/uploads\/2023\/07\/cropped-Gruppo-di-5-oggettifavicon-1.png","contentUrl":"https:\/\/lumiartdesign.it\/wp-content\/uploads\/2023\/07\/cropped-Gruppo-di-5-oggettifavicon-1.png","width":166,"height":88,"caption":"LUMI ART DESIGN"},"image":{"@id":"https:\/\/lumiartdesign.it\/#\/schema\/logo\/image\/"}}]}},"_links":{"self":[{"href":"https:\/\/lumiartdesign.it\/index.php\/wp-json\/wp\/v2\/pages\/120","targetHints":{"allow":["GET"]}}],"collection":[{"href":"https:\/\/lumiartdesign.it\/index.php\/wp-json\/wp\/v2\/pages"}],"about":[{"href":"https:\/\/lumiartdesign.it\/index.php\/wp-json\/wp\/v2\/types\/page"}],"author":[{"embeddable":true,"href":"https:\/\/lumiartdesign.it\/index.php\/wp-json\/wp\/v2\/users\/1"}],"replies":[{"embeddable":true,"href":"https:\/\/lumiartdesign.it\/index.php\/wp-json\/wp\/v2\/comments?post=120"}],"version-history":[{"count":5,"href":"https:\/\/lumiartdesign.it\/index.php\/wp-json\/wp\/v2\/pages\/120\/revisions"}],"predecessor-version":[{"id":316,"href":"https:\/\/lumiartdesign.it\/index.php\/wp-json\/wp\/v2\/pages\/120\/revisions\/316"}],"wp:attachment":[{"href":"https:\/\/lumiartdesign.it\/index.php\/wp-json\/wp\/v2\/media?parent=120"}],"curies":[{"name":"wp","href":"https:\/\/api.w.org\/{rel}","templated":true}]}}