{"id":247,"date":"2023-07-25T11:22:06","date_gmt":"2023-07-25T11:22:06","guid":{"rendered":"https:\/\/vigorous-ellis.185-114-109-121.plesk.page\/?post_type=product&#038;p=247"},"modified":"2025-10-16T10:55:05","modified_gmt":"2025-10-16T10:55:05","slug":"luna-solitaria-h-60x40-e-80x40-2-3","status":"publish","type":"product","link":"https:\/\/lumiartdesign.it\/index.php\/prodotto\/luna-solitaria-h-60x40-e-80x40-2-3\/","title":{"rendered":"Luminaria farfalla"},"content":{"rendered":"<p><strong>Luminaria Farfalla<\/strong><\/p>\n<p data-sourcepos=\"3:1-3:287\">La luminaria farfalla \u00e8 un prodotto di design che ritrae lo stile delle tradizioni pugliese e si ispira alle luminarie delle feste patronali. La luminaria \u00e8 realizzata in legno con punti luce LED a basso consumo. \u00c8 disponibile in una sola dimensione, con dimensioni di 70 cm x 50 cm.<\/p>\n<p data-sourcepos=\"5:1-5:259\">Laluminaria farfalla \u00e8 il prodotto perfetto per chi cerca una luminaria elegante e raffinata, che sia anche un simbolo della Puglia e della sua cultura. La luminaria \u00e8 ideale per illuminare le attivit\u00e0 commerciali e per attirare l&#8217;attenzione dei clienti.<\/p>\n<p data-sourcepos=\"7:1-7:45\">Ecco alcuni dettagli aggiuntivi sul prodotto:<\/p>\n<ul data-sourcepos=\"9:1-15:0\">\n<li data-sourcepos=\"9:1-9:18\"><em><strong>Materiale: legno<\/strong><\/em><\/li>\n<li data-sourcepos=\"10:1-10:32\"><em><strong>20 Punti luce LED a basso consumo<\/strong><\/em><\/li>\n<li data-sourcepos=\"11:1-11:69\"><em><strong>Disponibile in una sola dimensione<\/strong><\/em><\/li>\n<li data-sourcepos=\"12:1-12:23\"><em><strong>Resistente e durevole<\/strong><\/em><\/li>\n<li data-sourcepos=\"13:1-13:42\"><em><strong>Efficiente dal punto di vista energetico<\/strong><\/em><\/li>\n<li data-sourcepos=\"14:1-15:0\"><em><strong>Ideale per attivit\u00e0 commerciali e per attirare l&#8217;attenzione dei clienti<\/strong><\/em><\/li>\n<\/ul>\n<p data-sourcepos=\"16:1-16:249\">La luminaria farfalla \u00e8 un prodotto unico e raffinato, che pu\u00f2 essere utilizzato per illuminare e decorare qualsiasi spazio. La luminaria \u00e8 ideale per attivit\u00e0 commerciali, eventi speciali e per aggiungere un tocco di eleganza alla propria casa.<\/p>\n<p data-sourcepos=\"18:1-18:102\">Se stai cercando una luminaria elegante, raffinata e sostenibile, <a href=\"http:\/\/www.lumiartdesign.it\">Lumiart<\/a> \u00e8 la scelta perfetta per te.<\/p>\n<hr \/>\n<p>&nbsp;<\/p>\n<p>Per info e prezzi clicca sul <strong>tasto verde &#8220;Assistenza Clienti&#8221;<\/strong><\/p>\n","protected":false},"excerpt":{"rendered":"<p>Luminaria farfalla<\/p>\n","protected":false},"featured_media":164,"template":"","meta":{"_eb_attr":""},"product_brand":[],"product_cat":[21,20,81],"product_tag":[],"class_list":{"0":"post-247","1":"product","2":"type-product","3":"status-publish","4":"has-post-thumbnail","6":"product_cat-complementi-di-arredo","7":"product_cat-luminarie-tradizionali","8":"product_cat-simbologia-e-forme","10":"first","11":"instock","12":"taxable","13":"shipping-taxable","14":"product-type-simple"},"yoast_head":"<!-- This site is optimized with the Yoast SEO plugin v27.6 - https:\/\/yoast.com\/product\/yoast-seo-wordpress\/ -->\n<title>Luminaria farfalla - LUMI ART DESIGN<\/title>\n<meta name=\"robots\" content=\"index, follow, max-snippet:-1, max-image-preview:large, max-video-preview:-1\" \/>\n<link rel=\"canonical\" href=\"https:\/\/lumiartdesign.it\/index.php\/prodotto\/luna-solitaria-h-60x40-e-80x40-2-3\/\" \/>\n<meta property=\"og:locale\" content=\"it_IT\" \/>\n<meta property=\"og:type\" content=\"article\" \/>\n<meta property=\"og:title\" content=\"Luminaria farfalla - LUMI ART DESIGN\" \/>\n<meta property=\"og:description\" content=\"Luminaria farfalla\" \/>\n<meta property=\"og:url\" content=\"https:\/\/lumiartdesign.it\/index.php\/prodotto\/luna-solitaria-h-60x40-e-80x40-2-3\/\" \/>\n<meta property=\"og:site_name\" content=\"LUMI ART DESIGN\" \/>\n<meta property=\"article:modified_time\" content=\"2025-10-16T10:55:05+00:00\" \/>\n<meta property=\"og:image\" content=\"https:\/\/lumiartdesign.it\/wp-content\/uploads\/2023\/07\/lumi-art-design4528-e1690284109199.jpg\" \/>\n\t<meta property=\"og:image:width\" content=\"900\" \/>\n\t<meta property=\"og:image:height\" content=\"880\" \/>\n\t<meta property=\"og:image:type\" content=\"image\/jpeg\" \/>\n<meta name=\"twitter:card\" content=\"summary_large_image\" \/>\n<meta name=\"twitter:label1\" content=\"Tempo di lettura stimato\" \/>\n\t<meta name=\"twitter:data1\" content=\"2 minuti\" \/>\n<script type=\"application\/ld+json\" class=\"yoast-schema-graph\">{\"@context\":\"https:\\\/\\\/schema.org\",\"@graph\":[{\"@type\":\"WebPage\",\"@id\":\"https:\\\/\\\/lumiartdesign.it\\\/index.php\\\/prodotto\\\/luna-solitaria-h-60x40-e-80x40-2-3\\\/\",\"url\":\"https:\\\/\\\/lumiartdesign.it\\\/index.php\\\/prodotto\\\/luna-solitaria-h-60x40-e-80x40-2-3\\\/\",\"name\":\"Luminaria farfalla - LUMI ART DESIGN\",\"isPartOf\":{\"@id\":\"https:\\\/\\\/lumiartdesign.it\\\/#website\"},\"primaryImageOfPage\":{\"@id\":\"https:\\\/\\\/lumiartdesign.it\\\/index.php\\\/prodotto\\\/luna-solitaria-h-60x40-e-80x40-2-3\\\/#primaryimage\"},\"image\":{\"@id\":\"https:\\\/\\\/lumiartdesign.it\\\/index.php\\\/prodotto\\\/luna-solitaria-h-60x40-e-80x40-2-3\\\/#primaryimage\"},\"thumbnailUrl\":\"https:\\\/\\\/lumiartdesign.it\\\/wp-content\\\/uploads\\\/2023\\\/07\\\/lumi-art-design4528-e1690284109199.jpg\",\"datePublished\":\"2023-07-25T11:22:06+00:00\",\"dateModified\":\"2025-10-16T10:55:05+00:00\",\"breadcrumb\":{\"@id\":\"https:\\\/\\\/lumiartdesign.it\\\/index.php\\\/prodotto\\\/luna-solitaria-h-60x40-e-80x40-2-3\\\/#breadcrumb\"},\"inLanguage\":\"it-IT\",\"potentialAction\":[{\"@type\":\"ReadAction\",\"target\":[\"https:\\\/\\\/lumiartdesign.it\\\/index.php\\\/prodotto\\\/luna-solitaria-h-60x40-e-80x40-2-3\\\/\"]}]},{\"@type\":\"ImageObject\",\"inLanguage\":\"it-IT\",\"@id\":\"https:\\\/\\\/lumiartdesign.it\\\/index.php\\\/prodotto\\\/luna-solitaria-h-60x40-e-80x40-2-3\\\/#primaryimage\",\"url\":\"https:\\\/\\\/lumiartdesign.it\\\/wp-content\\\/uploads\\\/2023\\\/07\\\/lumi-art-design4528-e1690284109199.jpg\",\"contentUrl\":\"https:\\\/\\\/lumiartdesign.it\\\/wp-content\\\/uploads\\\/2023\\\/07\\\/lumi-art-design4528-e1690284109199.jpg\",\"width\":900,\"height\":880,\"caption\":\"Rosone farfalla con 20 punti luce\"},{\"@type\":\"BreadcrumbList\",\"@id\":\"https:\\\/\\\/lumiartdesign.it\\\/index.php\\\/prodotto\\\/luna-solitaria-h-60x40-e-80x40-2-3\\\/#breadcrumb\",\"itemListElement\":[{\"@type\":\"ListItem\",\"position\":1,\"name\":\"Home\",\"item\":\"https:\\\/\\\/lumiartdesign.it\\\/\"},{\"@type\":\"ListItem\",\"position\":2,\"name\":\"Creazioni\",\"item\":\"https:\\\/\\\/lumiartdesign.it\\\/index.php\\\/creazioni\\\/\"},{\"@type\":\"ListItem\",\"position\":3,\"name\":\"Luminaria farfalla\"}]},{\"@type\":\"WebSite\",\"@id\":\"https:\\\/\\\/lumiartdesign.it\\\/#website\",\"url\":\"https:\\\/\\\/lumiartdesign.it\\\/\",\"name\":\"LUMI ART DESIGN\",\"description\":\"by Rosario Bruno\",\"publisher\":{\"@id\":\"https:\\\/\\\/lumiartdesign.it\\\/#organization\"},\"potentialAction\":[{\"@type\":\"SearchAction\",\"target\":{\"@type\":\"EntryPoint\",\"urlTemplate\":\"https:\\\/\\\/lumiartdesign.it\\\/?s={search_term_string}\"},\"query-input\":{\"@type\":\"PropertyValueSpecification\",\"valueRequired\":true,\"valueName\":\"search_term_string\"}}],\"inLanguage\":\"it-IT\"},{\"@type\":\"Organization\",\"@id\":\"https:\\\/\\\/lumiartdesign.it\\\/#organization\",\"name\":\"LUMI ART DESIGN\",\"url\":\"https:\\\/\\\/lumiartdesign.it\\\/\",\"logo\":{\"@type\":\"ImageObject\",\"inLanguage\":\"it-IT\",\"@id\":\"https:\\\/\\\/lumiartdesign.it\\\/#\\\/schema\\\/logo\\\/image\\\/\",\"url\":\"https:\\\/\\\/lumiartdesign.it\\\/wp-content\\\/uploads\\\/2023\\\/07\\\/cropped-Gruppo-di-5-oggettifavicon-1.png\",\"contentUrl\":\"https:\\\/\\\/lumiartdesign.it\\\/wp-content\\\/uploads\\\/2023\\\/07\\\/cropped-Gruppo-di-5-oggettifavicon-1.png\",\"width\":166,\"height\":88,\"caption\":\"LUMI ART DESIGN\"},\"image\":{\"@id\":\"https:\\\/\\\/lumiartdesign.it\\\/#\\\/schema\\\/logo\\\/image\\\/\"}}]}<\/script>\n<!-- \/ Yoast SEO plugin. -->","yoast_head_json":{"title":"Luminaria farfalla - LUMI ART DESIGN","robots":{"index":"index","follow":"follow","max-snippet":"max-snippet:-1","max-image-preview":"max-image-preview:large","max-video-preview":"max-video-preview:-1"},"canonical":"https:\/\/lumiartdesign.it\/index.php\/prodotto\/luna-solitaria-h-60x40-e-80x40-2-3\/","og_locale":"it_IT","og_type":"article","og_title":"Luminaria farfalla - LUMI ART DESIGN","og_description":"Luminaria farfalla","og_url":"https:\/\/lumiartdesign.it\/index.php\/prodotto\/luna-solitaria-h-60x40-e-80x40-2-3\/","og_site_name":"LUMI ART DESIGN","article_modified_time":"2025-10-16T10:55:05+00:00","og_image":[{"width":900,"height":880,"url":"https:\/\/lumiartdesign.it\/wp-content\/uploads\/2023\/07\/lumi-art-design4528-e1690284109199.jpg","type":"image\/jpeg"}],"twitter_card":"summary_large_image","twitter_misc":{"Tempo di lettura stimato":"2 minuti"},"schema":{"@context":"https:\/\/schema.org","@graph":[{"@type":"WebPage","@id":"https:\/\/lumiartdesign.it\/index.php\/prodotto\/luna-solitaria-h-60x40-e-80x40-2-3\/","url":"https:\/\/lumiartdesign.it\/index.php\/prodotto\/luna-solitaria-h-60x40-e-80x40-2-3\/","name":"Luminaria farfalla - LUMI ART DESIGN","isPartOf":{"@id":"https:\/\/lumiartdesign.it\/#website"},"primaryImageOfPage":{"@id":"https:\/\/lumiartdesign.it\/index.php\/prodotto\/luna-solitaria-h-60x40-e-80x40-2-3\/#primaryimage"},"image":{"@id":"https:\/\/lumiartdesign.it\/index.php\/prodotto\/luna-solitaria-h-60x40-e-80x40-2-3\/#primaryimage"},"thumbnailUrl":"https:\/\/lumiartdesign.it\/wp-content\/uploads\/2023\/07\/lumi-art-design4528-e1690284109199.jpg","datePublished":"2023-07-25T11:22:06+00:00","dateModified":"2025-10-16T10:55:05+00:00","breadcrumb":{"@id":"https:\/\/lumiartdesign.it\/index.php\/prodotto\/luna-solitaria-h-60x40-e-80x40-2-3\/#breadcrumb"},"inLanguage":"it-IT","potentialAction":[{"@type":"ReadAction","target":["https:\/\/lumiartdesign.it\/index.php\/prodotto\/luna-solitaria-h-60x40-e-80x40-2-3\/"]}]},{"@type":"ImageObject","inLanguage":"it-IT","@id":"https:\/\/lumiartdesign.it\/index.php\/prodotto\/luna-solitaria-h-60x40-e-80x40-2-3\/#primaryimage","url":"https:\/\/lumiartdesign.it\/wp-content\/uploads\/2023\/07\/lumi-art-design4528-e1690284109199.jpg","contentUrl":"https:\/\/lumiartdesign.it\/wp-content\/uploads\/2023\/07\/lumi-art-design4528-e1690284109199.jpg","width":900,"height":880,"caption":"Rosone farfalla con 20 punti luce"},{"@type":"BreadcrumbList","@id":"https:\/\/lumiartdesign.it\/index.php\/prodotto\/luna-solitaria-h-60x40-e-80x40-2-3\/#breadcrumb","itemListElement":[{"@type":"ListItem","position":1,"name":"Home","item":"https:\/\/lumiartdesign.it\/"},{"@type":"ListItem","position":2,"name":"Creazioni","item":"https:\/\/lumiartdesign.it\/index.php\/creazioni\/"},{"@type":"ListItem","position":3,"name":"Luminaria farfalla"}]},{"@type":"WebSite","@id":"https:\/\/lumiartdesign.it\/#website","url":"https:\/\/lumiartdesign.it\/","name":"LUMI ART DESIGN","description":"by Rosario Bruno","publisher":{"@id":"https:\/\/lumiartdesign.it\/#organization"},"potentialAction":[{"@type":"SearchAction","target":{"@type":"EntryPoint","urlTemplate":"https:\/\/lumiartdesign.it\/?s={search_term_string}"},"query-input":{"@type":"PropertyValueSpecification","valueRequired":true,"valueName":"search_term_string"}}],"inLanguage":"it-IT"},{"@type":"Organization","@id":"https:\/\/lumiartdesign.it\/#organization","name":"LUMI ART DESIGN","url":"https:\/\/lumiartdesign.it\/","logo":{"@type":"ImageObject","inLanguage":"it-IT","@id":"https:\/\/lumiartdesign.it\/#\/schema\/logo\/image\/","url":"https:\/\/lumiartdesign.it\/wp-content\/uploads\/2023\/07\/cropped-Gruppo-di-5-oggettifavicon-1.png","contentUrl":"https:\/\/lumiartdesign.it\/wp-content\/uploads\/2023\/07\/cropped-Gruppo-di-5-oggettifavicon-1.png","width":166,"height":88,"caption":"LUMI ART DESIGN"},"image":{"@id":"https:\/\/lumiartdesign.it\/#\/schema\/logo\/image\/"}}]}},"_links":{"self":[{"href":"https:\/\/lumiartdesign.it\/index.php\/wp-json\/wp\/v2\/product\/247","targetHints":{"allow":["GET"]}}],"collection":[{"href":"https:\/\/lumiartdesign.it\/index.php\/wp-json\/wp\/v2\/product"}],"about":[{"href":"https:\/\/lumiartdesign.it\/index.php\/wp-json\/wp\/v2\/types\/product"}],"wp:featuredmedia":[{"embeddable":true,"href":"https:\/\/lumiartdesign.it\/index.php\/wp-json\/wp\/v2\/media\/164"}],"wp:attachment":[{"href":"https:\/\/lumiartdesign.it\/index.php\/wp-json\/wp\/v2\/media?parent=247"}],"wp:term":[{"taxonomy":"product_brand","embeddable":true,"href":"https:\/\/lumiartdesign.it\/index.php\/wp-json\/wp\/v2\/product_brand?post=247"},{"taxonomy":"product_cat","embeddable":true,"href":"https:\/\/lumiartdesign.it\/index.php\/wp-json\/wp\/v2\/product_cat?post=247"},{"taxonomy":"product_tag","embeddable":true,"href":"https:\/\/lumiartdesign.it\/index.php\/wp-json\/wp\/v2\/product_tag?post=247"}],"curies":[{"name":"wp","href":"https:\/\/api.w.org\/{rel}","templated":true}]}}