{"id":274,"date":"2023-07-28T11:29:26","date_gmt":"2023-07-28T11:29:26","guid":{"rendered":"https:\/\/vigorous-ellis.185-114-109-121.plesk.page\/?post_type=product&#038;p=274"},"modified":"2025-10-16T11:02:23","modified_gmt":"2025-10-16T11:02:23","slug":"pizzaebirra","status":"publish","type":"product","link":"https:\/\/lumiartdesign.it\/index.php\/prodotto\/pizzaebirra\/","title":{"rendered":"Luminarie Pizza &#038; Boccale di Birra"},"content":{"rendered":"<p>Luminarie Pizza &amp; Boccale di Birra misure 45&#215;70 cm.<\/p>\n<div class=\"markdown markdown-main-panel\" dir=\"ltr\">\n<p data-sourcepos=\"3:1-3:29\"><strong>Luminaria &#8220;Pizza e Boccale di Birra&#8221;<\/strong><\/p>\n<p data-sourcepos=\"5:1-5:367\">La luminaria &#8220;Pizza e Boccale di Birra&#8221; \u00e8 un prodotto di design che ritrae lo stile delle tradizioni pugliese e si ispira alle luminarie delle feste patronali. La luminaria \u00e8 realizzata in legno con punti luce LED a basso consumo. \u00c8 disponibile in una sola dimensione, con un diametro di 42 cm e 16 punti luce. La luminaria \u00e8 personalizzabile con il logo della propria attivit\u00e0.<\/p>\n<p data-sourcepos=\"7:1-7:262\">La luminaria &#8220;Pizza e Birra&#8221; \u00e8 il prodotto perfetto per chi cerca una luminaria elegante e raffinata, che sia anche un simbolo della Puglia e della sua cultura. La luminaria \u00e8 ideale per illuminare le attivit\u00e0 commerciali e per attirare l&#8217;attenzione dei clienti.<\/p>\n<p data-sourcepos=\"9:1-9:45\">Ecco alcuni dettagli aggiuntivi sul prodotto:<\/p>\n<ul data-sourcepos=\"11:1-18:0\">\n<li data-sourcepos=\"11:1-11:18\">Materiale: legno<\/li>\n<li data-sourcepos=\"12:1-12:32\">Punti luce LED a basso consumo<\/li>\n<li data-sourcepos=\"14:1-14:78\">Disponibile: 80&#215;50 cm. \/ 80&#215;60 cm.<\/li>\n<li data-sourcepos=\"15:1-15:23\">Resistente e durevole<\/li>\n<li data-sourcepos=\"16:1-16:42\">Efficiente dal punto di vista energetico<\/li>\n<li data-sourcepos=\"17:1-18:0\">Ideale per le attivit\u00e0 commerciali e per attirare l&#8217;attenzione dei clienti<\/li>\n<\/ul>\n<p data-sourcepos=\"19:1-19:252\">La luminaria &#8220;Pizza e Boccale di Birra&#8221; \u00e8 un prodotto unico e raffinato, che pu\u00f2 essere utilizzato per illuminare e decorare qualsiasi spazio. La luminaria \u00e8 ideale per attivit\u00e0 commerciali, eventi speciali e per aggiungere un tocco di eleganza alla propria casa.<\/p>\n<p data-sourcepos=\"21:1-21:102\">______________________________________________________________<\/p>\n<p data-sourcepos=\"21:1-21:102\">\n<\/div>\n<p>Per info e prezzi clicca sul <strong>tasto verde &#8220;Assistenza Clienti&#8221;<\/strong><\/p>\n<p>&nbsp;<\/p>\n<p>&nbsp;<\/p>\n","protected":false},"excerpt":{"rendered":"<p>Luminarie Pizza &amp; Boccale di Birra<\/p>\n","protected":false},"featured_media":221,"template":"","meta":{"_eb_attr":""},"product_brand":[],"product_cat":[21,77,20,81],"product_tag":[36,50,49,38,26,41,37,23,48,44,45],"class_list":{"0":"post-274","1":"product","2":"type-product","3":"status-publish","4":"has-post-thumbnail","6":"product_cat-complementi-di-arredo","7":"product_cat-loghi","8":"product_cat-luminarie-tradizionali","9":"product_cat-simbologia-e-forme","10":"product_tag-allestimento-negozi","11":"product_tag-birra","12":"product_tag-boccale","13":"product_tag-colori","14":"product_tag-complementi-di-arredo","15":"product_tag-feste","16":"product_tag-luci","17":"product_tag-luminarie","18":"product_tag-pizza","19":"product_tag-simboli","20":"product_tag-simbologia","22":"first","23":"instock","24":"taxable","25":"shipping-taxable","26":"product-type-simple"},"yoast_head":"<!-- This site is optimized with the Yoast SEO plugin v27.6 - https:\/\/yoast.com\/product\/yoast-seo-wordpress\/ -->\n<title>Luminarie Pizza &amp; Boccale di Birra - LUMI ART DESIGN<\/title>\n<meta name=\"robots\" content=\"index, follow, max-snippet:-1, max-image-preview:large, max-video-preview:-1\" \/>\n<link rel=\"canonical\" href=\"https:\/\/lumiartdesign.it\/index.php\/prodotto\/pizzaebirra\/\" \/>\n<meta property=\"og:locale\" content=\"it_IT\" \/>\n<meta property=\"og:type\" content=\"article\" \/>\n<meta property=\"og:title\" content=\"Luminarie Pizza &amp; Boccale di Birra - LUMI ART DESIGN\" \/>\n<meta property=\"og:description\" content=\"Luminarie Pizza &amp; Boccale di Birra\" \/>\n<meta property=\"og:url\" content=\"https:\/\/lumiartdesign.it\/index.php\/prodotto\/pizzaebirra\/\" \/>\n<meta property=\"og:site_name\" content=\"LUMI ART DESIGN\" \/>\n<meta property=\"article:modified_time\" content=\"2025-10-16T11:02:23+00:00\" \/>\n<meta property=\"og:image\" content=\"https:\/\/lumiartdesign.it\/wp-content\/uploads\/2023\/07\/lumi-art-design4004.jpg\" \/>\n\t<meta property=\"og:image:width\" content=\"1024\" \/>\n\t<meta property=\"og:image:height\" content=\"768\" \/>\n\t<meta property=\"og:image:type\" content=\"image\/jpeg\" \/>\n<meta name=\"twitter:card\" content=\"summary_large_image\" \/>\n<meta name=\"twitter:label1\" content=\"Tempo di lettura stimato\" \/>\n\t<meta name=\"twitter:data1\" content=\"2 minuti\" \/>\n<script type=\"application\/ld+json\" class=\"yoast-schema-graph\">{\"@context\":\"https:\\\/\\\/schema.org\",\"@graph\":[{\"@type\":\"WebPage\",\"@id\":\"https:\\\/\\\/lumiartdesign.it\\\/index.php\\\/prodotto\\\/pizzaebirra\\\/\",\"url\":\"https:\\\/\\\/lumiartdesign.it\\\/index.php\\\/prodotto\\\/pizzaebirra\\\/\",\"name\":\"Luminarie Pizza & Boccale di Birra - LUMI ART DESIGN\",\"isPartOf\":{\"@id\":\"https:\\\/\\\/lumiartdesign.it\\\/#website\"},\"primaryImageOfPage\":{\"@id\":\"https:\\\/\\\/lumiartdesign.it\\\/index.php\\\/prodotto\\\/pizzaebirra\\\/#primaryimage\"},\"image\":{\"@id\":\"https:\\\/\\\/lumiartdesign.it\\\/index.php\\\/prodotto\\\/pizzaebirra\\\/#primaryimage\"},\"thumbnailUrl\":\"https:\\\/\\\/lumiartdesign.it\\\/wp-content\\\/uploads\\\/2023\\\/07\\\/lumi-art-design4004.jpg\",\"datePublished\":\"2023-07-28T11:29:26+00:00\",\"dateModified\":\"2025-10-16T11:02:23+00:00\",\"breadcrumb\":{\"@id\":\"https:\\\/\\\/lumiartdesign.it\\\/index.php\\\/prodotto\\\/pizzaebirra\\\/#breadcrumb\"},\"inLanguage\":\"it-IT\",\"potentialAction\":[{\"@type\":\"ReadAction\",\"target\":[\"https:\\\/\\\/lumiartdesign.it\\\/index.php\\\/prodotto\\\/pizzaebirra\\\/\"]}]},{\"@type\":\"ImageObject\",\"inLanguage\":\"it-IT\",\"@id\":\"https:\\\/\\\/lumiartdesign.it\\\/index.php\\\/prodotto\\\/pizzaebirra\\\/#primaryimage\",\"url\":\"https:\\\/\\\/lumiartdesign.it\\\/wp-content\\\/uploads\\\/2023\\\/07\\\/lumi-art-design4004.jpg\",\"contentUrl\":\"https:\\\/\\\/lumiartdesign.it\\\/wp-content\\\/uploads\\\/2023\\\/07\\\/lumi-art-design4004.jpg\",\"width\":1024,\"height\":768,\"caption\":\"Luminarie Pizza & Boccale di Birra misure 80x50 e 80x60\"},{\"@type\":\"BreadcrumbList\",\"@id\":\"https:\\\/\\\/lumiartdesign.it\\\/index.php\\\/prodotto\\\/pizzaebirra\\\/#breadcrumb\",\"itemListElement\":[{\"@type\":\"ListItem\",\"position\":1,\"name\":\"Home\",\"item\":\"https:\\\/\\\/lumiartdesign.it\\\/\"},{\"@type\":\"ListItem\",\"position\":2,\"name\":\"Creazioni\",\"item\":\"https:\\\/\\\/lumiartdesign.it\\\/index.php\\\/creazioni\\\/\"},{\"@type\":\"ListItem\",\"position\":3,\"name\":\"Luminarie Pizza &#038; Boccale di Birra\"}]},{\"@type\":\"WebSite\",\"@id\":\"https:\\\/\\\/lumiartdesign.it\\\/#website\",\"url\":\"https:\\\/\\\/lumiartdesign.it\\\/\",\"name\":\"LUMI ART DESIGN\",\"description\":\"by Rosario Bruno\",\"publisher\":{\"@id\":\"https:\\\/\\\/lumiartdesign.it\\\/#organization\"},\"potentialAction\":[{\"@type\":\"SearchAction\",\"target\":{\"@type\":\"EntryPoint\",\"urlTemplate\":\"https:\\\/\\\/lumiartdesign.it\\\/?s={search_term_string}\"},\"query-input\":{\"@type\":\"PropertyValueSpecification\",\"valueRequired\":true,\"valueName\":\"search_term_string\"}}],\"inLanguage\":\"it-IT\"},{\"@type\":\"Organization\",\"@id\":\"https:\\\/\\\/lumiartdesign.it\\\/#organization\",\"name\":\"LUMI ART DESIGN\",\"url\":\"https:\\\/\\\/lumiartdesign.it\\\/\",\"logo\":{\"@type\":\"ImageObject\",\"inLanguage\":\"it-IT\",\"@id\":\"https:\\\/\\\/lumiartdesign.it\\\/#\\\/schema\\\/logo\\\/image\\\/\",\"url\":\"https:\\\/\\\/lumiartdesign.it\\\/wp-content\\\/uploads\\\/2023\\\/07\\\/cropped-Gruppo-di-5-oggettifavicon-1.png\",\"contentUrl\":\"https:\\\/\\\/lumiartdesign.it\\\/wp-content\\\/uploads\\\/2023\\\/07\\\/cropped-Gruppo-di-5-oggettifavicon-1.png\",\"width\":166,\"height\":88,\"caption\":\"LUMI ART DESIGN\"},\"image\":{\"@id\":\"https:\\\/\\\/lumiartdesign.it\\\/#\\\/schema\\\/logo\\\/image\\\/\"}}]}<\/script>\n<!-- \/ Yoast SEO plugin. -->","yoast_head_json":{"title":"Luminarie Pizza & Boccale di Birra - LUMI ART DESIGN","robots":{"index":"index","follow":"follow","max-snippet":"max-snippet:-1","max-image-preview":"max-image-preview:large","max-video-preview":"max-video-preview:-1"},"canonical":"https:\/\/lumiartdesign.it\/index.php\/prodotto\/pizzaebirra\/","og_locale":"it_IT","og_type":"article","og_title":"Luminarie Pizza & Boccale di Birra - LUMI ART DESIGN","og_description":"Luminarie Pizza &amp; Boccale di Birra","og_url":"https:\/\/lumiartdesign.it\/index.php\/prodotto\/pizzaebirra\/","og_site_name":"LUMI ART DESIGN","article_modified_time":"2025-10-16T11:02:23+00:00","og_image":[{"width":1024,"height":768,"url":"https:\/\/lumiartdesign.it\/wp-content\/uploads\/2023\/07\/lumi-art-design4004.jpg","type":"image\/jpeg"}],"twitter_card":"summary_large_image","twitter_misc":{"Tempo di lettura stimato":"2 minuti"},"schema":{"@context":"https:\/\/schema.org","@graph":[{"@type":"WebPage","@id":"https:\/\/lumiartdesign.it\/index.php\/prodotto\/pizzaebirra\/","url":"https:\/\/lumiartdesign.it\/index.php\/prodotto\/pizzaebirra\/","name":"Luminarie Pizza & Boccale di Birra - LUMI ART DESIGN","isPartOf":{"@id":"https:\/\/lumiartdesign.it\/#website"},"primaryImageOfPage":{"@id":"https:\/\/lumiartdesign.it\/index.php\/prodotto\/pizzaebirra\/#primaryimage"},"image":{"@id":"https:\/\/lumiartdesign.it\/index.php\/prodotto\/pizzaebirra\/#primaryimage"},"thumbnailUrl":"https:\/\/lumiartdesign.it\/wp-content\/uploads\/2023\/07\/lumi-art-design4004.jpg","datePublished":"2023-07-28T11:29:26+00:00","dateModified":"2025-10-16T11:02:23+00:00","breadcrumb":{"@id":"https:\/\/lumiartdesign.it\/index.php\/prodotto\/pizzaebirra\/#breadcrumb"},"inLanguage":"it-IT","potentialAction":[{"@type":"ReadAction","target":["https:\/\/lumiartdesign.it\/index.php\/prodotto\/pizzaebirra\/"]}]},{"@type":"ImageObject","inLanguage":"it-IT","@id":"https:\/\/lumiartdesign.it\/index.php\/prodotto\/pizzaebirra\/#primaryimage","url":"https:\/\/lumiartdesign.it\/wp-content\/uploads\/2023\/07\/lumi-art-design4004.jpg","contentUrl":"https:\/\/lumiartdesign.it\/wp-content\/uploads\/2023\/07\/lumi-art-design4004.jpg","width":1024,"height":768,"caption":"Luminarie Pizza & Boccale di Birra misure 80x50 e 80x60"},{"@type":"BreadcrumbList","@id":"https:\/\/lumiartdesign.it\/index.php\/prodotto\/pizzaebirra\/#breadcrumb","itemListElement":[{"@type":"ListItem","position":1,"name":"Home","item":"https:\/\/lumiartdesign.it\/"},{"@type":"ListItem","position":2,"name":"Creazioni","item":"https:\/\/lumiartdesign.it\/index.php\/creazioni\/"},{"@type":"ListItem","position":3,"name":"Luminarie Pizza &#038; Boccale di Birra"}]},{"@type":"WebSite","@id":"https:\/\/lumiartdesign.it\/#website","url":"https:\/\/lumiartdesign.it\/","name":"LUMI ART DESIGN","description":"by Rosario Bruno","publisher":{"@id":"https:\/\/lumiartdesign.it\/#organization"},"potentialAction":[{"@type":"SearchAction","target":{"@type":"EntryPoint","urlTemplate":"https:\/\/lumiartdesign.it\/?s={search_term_string}"},"query-input":{"@type":"PropertyValueSpecification","valueRequired":true,"valueName":"search_term_string"}}],"inLanguage":"it-IT"},{"@type":"Organization","@id":"https:\/\/lumiartdesign.it\/#organization","name":"LUMI ART DESIGN","url":"https:\/\/lumiartdesign.it\/","logo":{"@type":"ImageObject","inLanguage":"it-IT","@id":"https:\/\/lumiartdesign.it\/#\/schema\/logo\/image\/","url":"https:\/\/lumiartdesign.it\/wp-content\/uploads\/2023\/07\/cropped-Gruppo-di-5-oggettifavicon-1.png","contentUrl":"https:\/\/lumiartdesign.it\/wp-content\/uploads\/2023\/07\/cropped-Gruppo-di-5-oggettifavicon-1.png","width":166,"height":88,"caption":"LUMI ART DESIGN"},"image":{"@id":"https:\/\/lumiartdesign.it\/#\/schema\/logo\/image\/"}}]}},"_links":{"self":[{"href":"https:\/\/lumiartdesign.it\/index.php\/wp-json\/wp\/v2\/product\/274","targetHints":{"allow":["GET"]}}],"collection":[{"href":"https:\/\/lumiartdesign.it\/index.php\/wp-json\/wp\/v2\/product"}],"about":[{"href":"https:\/\/lumiartdesign.it\/index.php\/wp-json\/wp\/v2\/types\/product"}],"wp:featuredmedia":[{"embeddable":true,"href":"https:\/\/lumiartdesign.it\/index.php\/wp-json\/wp\/v2\/media\/221"}],"wp:attachment":[{"href":"https:\/\/lumiartdesign.it\/index.php\/wp-json\/wp\/v2\/media?parent=274"}],"wp:term":[{"taxonomy":"product_brand","embeddable":true,"href":"https:\/\/lumiartdesign.it\/index.php\/wp-json\/wp\/v2\/product_brand?post=274"},{"taxonomy":"product_cat","embeddable":true,"href":"https:\/\/lumiartdesign.it\/index.php\/wp-json\/wp\/v2\/product_cat?post=274"},{"taxonomy":"product_tag","embeddable":true,"href":"https:\/\/lumiartdesign.it\/index.php\/wp-json\/wp\/v2\/product_tag?post=274"}],"curies":[{"name":"wp","href":"https:\/\/api.w.org\/{rel}","templated":true}]}}