{"id":416,"date":"2023-09-21T18:42:41","date_gmt":"2023-09-21T18:42:41","guid":{"rendered":"https:\/\/lumiartdesign.it\/?post_type=product&#038;p=416"},"modified":"2025-10-16T10:50:00","modified_gmt":"2025-10-16T10:50:00","slug":"luminaria-faro","status":"publish","type":"product","link":"https:\/\/lumiartdesign.it\/index.php\/prodotto\/luminaria-faro\/","title":{"rendered":"Luminaria Faro"},"content":{"rendered":"<div class=\"markdown markdown-main-panel\" dir=\"ltr\">\n<p data-sourcepos=\"1:1-1:18\">La luminaria Faro \u00e8 un prodotto di design che ritrae lo stile delle tradizioni pugliese e si ispira alle luminarie delle feste patronali. La luminaria \u00e8 realizzata in <strong>legno<\/strong> ed \u00e8 disponibile in una sola dimensione, con dimensioni di 60 cm x 42 cm.<\/p>\n<p data-sourcepos=\"5:1-5:251\">La luminaria Faro \u00e8 il prodotto perfetto per chi cerca una luminaria elegante e raffinata, che sia anche un simbolo della Puglia e della sua cultura. La luminaria \u00e8 ideale per illuminare le attivit\u00e0 commerciali e per attirare l&#8217;attenzione dei clienti.<\/p>\n<p data-sourcepos=\"7:1-7:45\">Ecco alcuni dettagli aggiuntivi sul prodotto:<\/p>\n<ul data-sourcepos=\"9:1-15:0\">\n<li data-sourcepos=\"9:1-9:18\">Materiale: legno<\/li>\n<li data-sourcepos=\"10:1-10:27\">Dimensioni: 60 cm x 35 cm<\/li>\n<li data-sourcepos=\"11:1-11:30\">Vari colori di illuminazione<\/li>\n<li data-sourcepos=\"12:1-12:23\">Resistente e durevole<\/li>\n<li data-sourcepos=\"13:1-13:42\">Efficiente dal punto di vista energetico<\/li>\n<li data-sourcepos=\"14:1-15:0\">Ideale per attivit\u00e0 commerciali e per attirare l&#8217;attenzione dei clienti<\/li>\n<\/ul>\n<p data-sourcepos=\"16:1-16:241\">La luminaria Faro \u00e8 un prodotto unico e raffinato, che pu\u00f2 essere utilizzato per illuminare e decorare qualsiasi spazio. La luminaria \u00e8 ideale per attivit\u00e0 commerciali, eventi speciali e per aggiungere un tocco di eleganza alla propria casa.<\/p>\n<p data-sourcepos=\"24:1-24:52\"><strong>In particolare, ho aggiunto i seguenti dettagli:<\/strong><\/p>\n<ul data-sourcepos=\"26:1-28:0\">\n<li data-sourcepos=\"26:1-26:81\">La luminaria ha la forma di un faro, un simbolo della Puglia e della sua costa.<\/li>\n<li data-sourcepos=\"27:1-28:0\">La luminaria \u00e8 disponibile in vari colori di illuminazione, che richiamano i colori della Puglia.<\/li>\n<\/ul>\n<p data-sourcepos=\"29:1-29:102\">Questi dettagli rendono la luminaria Faro un prodotto ancora pi\u00f9 unico e rappresentativo della Puglia.<\/p>\n<\/div>\n<p>&nbsp;<\/p>\n<p>Per info e prezzi clicca sul <strong>tasto verde &#8220;Assistenza Clienti&#8221;<\/strong><\/p>\n<p>&nbsp;<\/p>\n<hr \/>\n<p>&nbsp;<\/p>\n","protected":false},"excerpt":{"rendered":"<p data-sourcepos=\"1:1-1:18\"><strong>Luminaria Faro<\/strong><\/p>\n<p data-sourcepos=\"3:1-3:250\">La luminaria Faro \u00e8 un prodotto di design che ritrae lo stile delle tradizioni pugliese e si ispira alle luminarie delle feste patronali. La luminaria \u00e8 realizzata in <strong>legno<\/strong> ed \u00e8 disponibile in una sola dimensione, con dimensioni di 60 cm x 35 cm.<\/p>\n","protected":false},"featured_media":417,"template":"","meta":{"_eb_attr":""},"product_brand":[],"product_cat":[21,77,20,81],"product_tag":[36,38,26,41,34,40,37,23],"class_list":{"0":"post-416","1":"product","2":"type-product","3":"status-publish","4":"has-post-thumbnail","6":"product_cat-complementi-di-arredo","7":"product_cat-loghi","8":"product_cat-luminarie-tradizionali","9":"product_cat-simbologia-e-forme","10":"product_tag-allestimento-negozi","11":"product_tag-colori","12":"product_tag-complementi-di-arredo","13":"product_tag-feste","14":"product_tag-fiore","15":"product_tag-idea-regalo","16":"product_tag-luci","17":"product_tag-luminarie","19":"first","20":"instock","21":"taxable","22":"shipping-taxable","23":"product-type-simple"},"yoast_head":"<!-- This site is optimized with the Yoast SEO plugin v27.6 - https:\/\/yoast.com\/product\/yoast-seo-wordpress\/ -->\n<title>Luminaria Faro - LUMI ART DESIGN<\/title>\n<meta name=\"robots\" content=\"index, follow, max-snippet:-1, max-image-preview:large, max-video-preview:-1\" \/>\n<link rel=\"canonical\" href=\"https:\/\/lumiartdesign.it\/index.php\/prodotto\/luminaria-faro\/\" \/>\n<meta property=\"og:locale\" content=\"it_IT\" \/>\n<meta property=\"og:type\" content=\"article\" \/>\n<meta property=\"og:title\" content=\"Luminaria Faro - LUMI ART DESIGN\" \/>\n<meta property=\"og:description\" content=\"Luminaria Faro La luminaria Faro \u00e8 un prodotto di design che ritrae lo stile delle tradizioni pugliese e si ispira alle luminarie delle feste patronali. La luminaria \u00e8 realizzata in legno ed \u00e8 disponibile in una sola dimensione, con dimensioni di 60 cm x 35 cm.\" \/>\n<meta property=\"og:url\" content=\"https:\/\/lumiartdesign.it\/index.php\/prodotto\/luminaria-faro\/\" \/>\n<meta property=\"og:site_name\" content=\"LUMI ART DESIGN\" \/>\n<meta property=\"article:modified_time\" content=\"2025-10-16T10:50:00+00:00\" \/>\n<meta property=\"og:image\" content=\"https:\/\/lumiartdesign.it\/wp-content\/uploads\/2023\/09\/WhatsApp-Image-2023-09-19-at-08.05.34-1.jpeg\" \/>\n\t<meta property=\"og:image:width\" content=\"1166\" \/>\n\t<meta property=\"og:image:height\" content=\"1553\" \/>\n\t<meta property=\"og:image:type\" content=\"image\/jpeg\" \/>\n<meta name=\"twitter:card\" content=\"summary_large_image\" \/>\n<meta name=\"twitter:label1\" content=\"Tempo di lettura stimato\" \/>\n\t<meta name=\"twitter:data1\" content=\"2 minuti\" \/>\n<script type=\"application\/ld+json\" class=\"yoast-schema-graph\">{\"@context\":\"https:\\\/\\\/schema.org\",\"@graph\":[{\"@type\":\"WebPage\",\"@id\":\"https:\\\/\\\/lumiartdesign.it\\\/index.php\\\/prodotto\\\/luminaria-faro\\\/\",\"url\":\"https:\\\/\\\/lumiartdesign.it\\\/index.php\\\/prodotto\\\/luminaria-faro\\\/\",\"name\":\"Luminaria Faro - LUMI ART DESIGN\",\"isPartOf\":{\"@id\":\"https:\\\/\\\/lumiartdesign.it\\\/#website\"},\"primaryImageOfPage\":{\"@id\":\"https:\\\/\\\/lumiartdesign.it\\\/index.php\\\/prodotto\\\/luminaria-faro\\\/#primaryimage\"},\"image\":{\"@id\":\"https:\\\/\\\/lumiartdesign.it\\\/index.php\\\/prodotto\\\/luminaria-faro\\\/#primaryimage\"},\"thumbnailUrl\":\"https:\\\/\\\/lumiartdesign.it\\\/wp-content\\\/uploads\\\/2023\\\/09\\\/WhatsApp-Image-2023-09-19-at-08.05.34-1.jpeg\",\"datePublished\":\"2023-09-21T18:42:41+00:00\",\"dateModified\":\"2025-10-16T10:50:00+00:00\",\"breadcrumb\":{\"@id\":\"https:\\\/\\\/lumiartdesign.it\\\/index.php\\\/prodotto\\\/luminaria-faro\\\/#breadcrumb\"},\"inLanguage\":\"it-IT\",\"potentialAction\":[{\"@type\":\"ReadAction\",\"target\":[\"https:\\\/\\\/lumiartdesign.it\\\/index.php\\\/prodotto\\\/luminaria-faro\\\/\"]}]},{\"@type\":\"ImageObject\",\"inLanguage\":\"it-IT\",\"@id\":\"https:\\\/\\\/lumiartdesign.it\\\/index.php\\\/prodotto\\\/luminaria-faro\\\/#primaryimage\",\"url\":\"https:\\\/\\\/lumiartdesign.it\\\/wp-content\\\/uploads\\\/2023\\\/09\\\/WhatsApp-Image-2023-09-19-at-08.05.34-1.jpeg\",\"contentUrl\":\"https:\\\/\\\/lumiartdesign.it\\\/wp-content\\\/uploads\\\/2023\\\/09\\\/WhatsApp-Image-2023-09-19-at-08.05.34-1.jpeg\",\"width\":1166,\"height\":1553},{\"@type\":\"BreadcrumbList\",\"@id\":\"https:\\\/\\\/lumiartdesign.it\\\/index.php\\\/prodotto\\\/luminaria-faro\\\/#breadcrumb\",\"itemListElement\":[{\"@type\":\"ListItem\",\"position\":1,\"name\":\"Home\",\"item\":\"https:\\\/\\\/lumiartdesign.it\\\/\"},{\"@type\":\"ListItem\",\"position\":2,\"name\":\"Creazioni\",\"item\":\"https:\\\/\\\/lumiartdesign.it\\\/index.php\\\/creazioni\\\/\"},{\"@type\":\"ListItem\",\"position\":3,\"name\":\"Luminaria Faro\"}]},{\"@type\":\"WebSite\",\"@id\":\"https:\\\/\\\/lumiartdesign.it\\\/#website\",\"url\":\"https:\\\/\\\/lumiartdesign.it\\\/\",\"name\":\"LUMI ART DESIGN\",\"description\":\"by Rosario Bruno\",\"publisher\":{\"@id\":\"https:\\\/\\\/lumiartdesign.it\\\/#organization\"},\"potentialAction\":[{\"@type\":\"SearchAction\",\"target\":{\"@type\":\"EntryPoint\",\"urlTemplate\":\"https:\\\/\\\/lumiartdesign.it\\\/?s={search_term_string}\"},\"query-input\":{\"@type\":\"PropertyValueSpecification\",\"valueRequired\":true,\"valueName\":\"search_term_string\"}}],\"inLanguage\":\"it-IT\"},{\"@type\":\"Organization\",\"@id\":\"https:\\\/\\\/lumiartdesign.it\\\/#organization\",\"name\":\"LUMI ART DESIGN\",\"url\":\"https:\\\/\\\/lumiartdesign.it\\\/\",\"logo\":{\"@type\":\"ImageObject\",\"inLanguage\":\"it-IT\",\"@id\":\"https:\\\/\\\/lumiartdesign.it\\\/#\\\/schema\\\/logo\\\/image\\\/\",\"url\":\"https:\\\/\\\/lumiartdesign.it\\\/wp-content\\\/uploads\\\/2023\\\/07\\\/cropped-Gruppo-di-5-oggettifavicon-1.png\",\"contentUrl\":\"https:\\\/\\\/lumiartdesign.it\\\/wp-content\\\/uploads\\\/2023\\\/07\\\/cropped-Gruppo-di-5-oggettifavicon-1.png\",\"width\":166,\"height\":88,\"caption\":\"LUMI ART DESIGN\"},\"image\":{\"@id\":\"https:\\\/\\\/lumiartdesign.it\\\/#\\\/schema\\\/logo\\\/image\\\/\"}}]}<\/script>\n<!-- \/ Yoast SEO plugin. -->","yoast_head_json":{"title":"Luminaria Faro - LUMI ART DESIGN","robots":{"index":"index","follow":"follow","max-snippet":"max-snippet:-1","max-image-preview":"max-image-preview:large","max-video-preview":"max-video-preview:-1"},"canonical":"https:\/\/lumiartdesign.it\/index.php\/prodotto\/luminaria-faro\/","og_locale":"it_IT","og_type":"article","og_title":"Luminaria Faro - LUMI ART DESIGN","og_description":"Luminaria Faro La luminaria Faro \u00e8 un prodotto di design che ritrae lo stile delle tradizioni pugliese e si ispira alle luminarie delle feste patronali. La luminaria \u00e8 realizzata in legno ed \u00e8 disponibile in una sola dimensione, con dimensioni di 60 cm x 35 cm.","og_url":"https:\/\/lumiartdesign.it\/index.php\/prodotto\/luminaria-faro\/","og_site_name":"LUMI ART DESIGN","article_modified_time":"2025-10-16T10:50:00+00:00","og_image":[{"width":1166,"height":1553,"url":"https:\/\/lumiartdesign.it\/wp-content\/uploads\/2023\/09\/WhatsApp-Image-2023-09-19-at-08.05.34-1.jpeg","type":"image\/jpeg"}],"twitter_card":"summary_large_image","twitter_misc":{"Tempo di lettura stimato":"2 minuti"},"schema":{"@context":"https:\/\/schema.org","@graph":[{"@type":"WebPage","@id":"https:\/\/lumiartdesign.it\/index.php\/prodotto\/luminaria-faro\/","url":"https:\/\/lumiartdesign.it\/index.php\/prodotto\/luminaria-faro\/","name":"Luminaria Faro - LUMI ART DESIGN","isPartOf":{"@id":"https:\/\/lumiartdesign.it\/#website"},"primaryImageOfPage":{"@id":"https:\/\/lumiartdesign.it\/index.php\/prodotto\/luminaria-faro\/#primaryimage"},"image":{"@id":"https:\/\/lumiartdesign.it\/index.php\/prodotto\/luminaria-faro\/#primaryimage"},"thumbnailUrl":"https:\/\/lumiartdesign.it\/wp-content\/uploads\/2023\/09\/WhatsApp-Image-2023-09-19-at-08.05.34-1.jpeg","datePublished":"2023-09-21T18:42:41+00:00","dateModified":"2025-10-16T10:50:00+00:00","breadcrumb":{"@id":"https:\/\/lumiartdesign.it\/index.php\/prodotto\/luminaria-faro\/#breadcrumb"},"inLanguage":"it-IT","potentialAction":[{"@type":"ReadAction","target":["https:\/\/lumiartdesign.it\/index.php\/prodotto\/luminaria-faro\/"]}]},{"@type":"ImageObject","inLanguage":"it-IT","@id":"https:\/\/lumiartdesign.it\/index.php\/prodotto\/luminaria-faro\/#primaryimage","url":"https:\/\/lumiartdesign.it\/wp-content\/uploads\/2023\/09\/WhatsApp-Image-2023-09-19-at-08.05.34-1.jpeg","contentUrl":"https:\/\/lumiartdesign.it\/wp-content\/uploads\/2023\/09\/WhatsApp-Image-2023-09-19-at-08.05.34-1.jpeg","width":1166,"height":1553},{"@type":"BreadcrumbList","@id":"https:\/\/lumiartdesign.it\/index.php\/prodotto\/luminaria-faro\/#breadcrumb","itemListElement":[{"@type":"ListItem","position":1,"name":"Home","item":"https:\/\/lumiartdesign.it\/"},{"@type":"ListItem","position":2,"name":"Creazioni","item":"https:\/\/lumiartdesign.it\/index.php\/creazioni\/"},{"@type":"ListItem","position":3,"name":"Luminaria Faro"}]},{"@type":"WebSite","@id":"https:\/\/lumiartdesign.it\/#website","url":"https:\/\/lumiartdesign.it\/","name":"LUMI ART DESIGN","description":"by Rosario Bruno","publisher":{"@id":"https:\/\/lumiartdesign.it\/#organization"},"potentialAction":[{"@type":"SearchAction","target":{"@type":"EntryPoint","urlTemplate":"https:\/\/lumiartdesign.it\/?s={search_term_string}"},"query-input":{"@type":"PropertyValueSpecification","valueRequired":true,"valueName":"search_term_string"}}],"inLanguage":"it-IT"},{"@type":"Organization","@id":"https:\/\/lumiartdesign.it\/#organization","name":"LUMI ART DESIGN","url":"https:\/\/lumiartdesign.it\/","logo":{"@type":"ImageObject","inLanguage":"it-IT","@id":"https:\/\/lumiartdesign.it\/#\/schema\/logo\/image\/","url":"https:\/\/lumiartdesign.it\/wp-content\/uploads\/2023\/07\/cropped-Gruppo-di-5-oggettifavicon-1.png","contentUrl":"https:\/\/lumiartdesign.it\/wp-content\/uploads\/2023\/07\/cropped-Gruppo-di-5-oggettifavicon-1.png","width":166,"height":88,"caption":"LUMI ART DESIGN"},"image":{"@id":"https:\/\/lumiartdesign.it\/#\/schema\/logo\/image\/"}}]}},"_links":{"self":[{"href":"https:\/\/lumiartdesign.it\/index.php\/wp-json\/wp\/v2\/product\/416","targetHints":{"allow":["GET"]}}],"collection":[{"href":"https:\/\/lumiartdesign.it\/index.php\/wp-json\/wp\/v2\/product"}],"about":[{"href":"https:\/\/lumiartdesign.it\/index.php\/wp-json\/wp\/v2\/types\/product"}],"wp:featuredmedia":[{"embeddable":true,"href":"https:\/\/lumiartdesign.it\/index.php\/wp-json\/wp\/v2\/media\/417"}],"wp:attachment":[{"href":"https:\/\/lumiartdesign.it\/index.php\/wp-json\/wp\/v2\/media?parent=416"}],"wp:term":[{"taxonomy":"product_brand","embeddable":true,"href":"https:\/\/lumiartdesign.it\/index.php\/wp-json\/wp\/v2\/product_brand?post=416"},{"taxonomy":"product_cat","embeddable":true,"href":"https:\/\/lumiartdesign.it\/index.php\/wp-json\/wp\/v2\/product_cat?post=416"},{"taxonomy":"product_tag","embeddable":true,"href":"https:\/\/lumiartdesign.it\/index.php\/wp-json\/wp\/v2\/product_tag?post=416"}],"curies":[{"name":"wp","href":"https:\/\/api.w.org\/{rel}","templated":true}]}}