{"id":434,"date":"2023-10-26T11:21:08","date_gmt":"2023-10-26T11:21:08","guid":{"rendered":"https:\/\/lumiartdesign.it\/?post_type=product&#038;p=434"},"modified":"2023-11-23T09:48:11","modified_gmt":"2023-11-23T09:48:11","slug":"qcine","status":"publish","type":"product","link":"https:\/\/lumiartdesign.it\/index.php\/prodotto\/qcine\/","title":{"rendered":"Luminaria Logo Q.Cine"},"content":{"rendered":"<div class=\"markdown markdown-main-panel\" dir=\"ltr\">\n<div class=\"markdown markdown-main-panel\" dir=\"ltr\">\n<p data-sourcepos=\"1:1-1:45\"><strong>Luminaria Logo Q.Cine<\/strong><\/p>\n<p data-sourcepos=\"3:1-3:278\">La luminaria Logo <em><strong>Q.Cine<\/strong><\/em> \u00e8 un prodotto di design che ritrae lo stile delle tradizioni pugliese e si ispira alle luminarie delle feste patronali. La luminaria \u00e8 realizzata in <strong>legno<\/strong> ed \u00e8 disponibile con varie dimensioni.<\/p>\n<p data-sourcepos=\"3:1-3:278\">La luminaria Logo <em><strong>Q.Cine<\/strong><\/em> \u00e8 il prodotto perfetto per chi cerca una luminaria elegante e raffinata, che sia anche un simbolo della Puglia e della sua cultura. La luminaria \u00e8 ideale per illuminare le attivit\u00e0 commerciali e per attirare l&#8217;attenzione dei clienti.<\/p>\n<p data-sourcepos=\"7:1-7:45\">Ecco alcuni dettagli aggiuntivi sul prodotto:<\/p>\n<ul data-sourcepos=\"9:1-15:0\">\n<li data-sourcepos=\"9:1-9:18\">Materiale: legno<\/li>\n<li data-sourcepos=\"10:1-10:28\">Dimensioni: variabili<\/li>\n<li data-sourcepos=\"11:1-11:38\">Logo <em><strong>Q.Cine<\/strong><\/em><\/li>\n<li data-sourcepos=\"12:1-12:23\">Resistente e durevole<\/li>\n<li data-sourcepos=\"13:1-13:42\">Efficiente dal punto di vista energetico<\/li>\n<li data-sourcepos=\"14:1-15:0\">Ideale per attivit\u00e0 commerciali e per attirare l&#8217;attenzione dei clienti<\/li>\n<\/ul>\n<p data-sourcepos=\"16:1-16:268\">La luminaria Logo <em><strong>Q.Cine<\/strong><\/em> \u00e8 un prodotto unico e raffinato, che pu\u00f2 essere utilizzato per illuminare e decorare qualsiasi spazio. La luminaria \u00e8 ideale per attivit\u00e0 commerciali, eventi speciali e per aggiungere un tocco di eleganza alla propria casa.<\/p>\n<p data-sourcepos=\"18:1-18:102\">Se stai cercando una luminaria elegante, raffinata e sostenibile, Lumiart \u00e8 la scelta perfetta per te.<\/p>\n<\/div>\n<\/div>\n<p>&nbsp;<\/p>\n<p>Per info e prezzi clicca sul <strong>tasto verde &#8220;Assistenza Clienti&#8221;<\/strong><\/p>\n<p>&nbsp;<\/p>\n<hr \/>\n<p>&nbsp;<\/p>\n","protected":false},"excerpt":{"rendered":"<p data-sourcepos=\"1:1-1:45\"><strong>Luminaria Logo Q.Cine<\/strong><\/p>\n<p data-sourcepos=\"3:1-3:278\">La luminaria Logo <em><strong>Q.Cine<\/strong><\/em> \u00e8 un prodotto di design che ritrae lo stile delle tradizioni pugliese e si ispira alle luminarie delle feste patronali. La luminaria \u00e8 realizzata in <strong>legno<\/strong> ed \u00e8 disponibile con varie dimensioni.<\/p>\n","protected":false},"featured_media":435,"template":"","meta":{"_eb_attr":""},"product_brand":[],"product_cat":[21,77,20],"product_tag":[36,38,26,41,34,40,30,37,23,28],"class_list":{"0":"post-434","1":"product","2":"type-product","3":"status-publish","4":"has-post-thumbnail","6":"product_cat-complementi-di-arredo","7":"product_cat-loghi","8":"product_cat-luminarie-tradizionali","9":"product_tag-allestimento-negozi","10":"product_tag-colori","11":"product_tag-complementi-di-arredo","12":"product_tag-feste","13":"product_tag-fiore","14":"product_tag-idea-regalo","15":"product_tag-logo","16":"product_tag-luci","17":"product_tag-luminarie","18":"product_tag-personalizzazione","20":"first","21":"instock","22":"taxable","23":"shipping-taxable","24":"product-type-simple"},"yoast_head":"<!-- This site is optimized with the Yoast SEO plugin v27.6 - https:\/\/yoast.com\/product\/yoast-seo-wordpress\/ -->\n<title>Luminaria Logo Q.Cine - LUMI ART DESIGN<\/title>\n<meta name=\"description\" content=\"Luminaria Logo Q.Cine La luminaria Logo Q.Cine \u00e8 un prodotto di design che ritrae lo stile delle tradizioni pugliese e si ispira alle luminarie delle feste patronali. La luminaria \u00e8 realizzata in legno ed \u00e8 disponibile con varie dimensioni. La luminaria Logo Q.Cine \u00e8 il prodotto perfetto per chi cerca una luminaria elegante e raffinata, che sia anche un simbolo della Puglia e della sua cultura. La luminaria \u00e8 ideale per illuminare le attivit\u00e0 commerciali e per attirare l&#039;attenzione dei clienti. Ecco alcuni dettagli aggiuntivi sul prodotto: Materiale: legno Dimensioni: variabili Logo Q.Cine Resistente e durevole Efficiente dal punto di vista energetico Ideale per attivit\u00e0 commerciali e per attirare l&#039;attenzione dei clienti La luminaria Logo Q.Cine \u00e8 un prodotto unico e raffinato, che pu\u00f2 essere utilizzato per illuminare e decorare qualsiasi spazio. La luminaria \u00e8 ideale per attivit\u00e0 commerciali, eventi speciali e per aggiungere un tocco di eleganza alla propria casa. Se stai cercando una luminaria elegante, raffinata e sostenibile, Lumiart \u00e8 la scelta perfetta per te.\" \/>\n<meta name=\"robots\" content=\"index, follow, max-snippet:-1, max-image-preview:large, max-video-preview:-1\" \/>\n<link rel=\"canonical\" href=\"https:\/\/lumiartdesign.it\/index.php\/prodotto\/qcine\/\" \/>\n<meta property=\"og:locale\" content=\"it_IT\" \/>\n<meta property=\"og:type\" content=\"article\" \/>\n<meta property=\"og:title\" content=\"Luminaria Logo Q.Cine - LUMI ART DESIGN\" \/>\n<meta property=\"og:description\" content=\"Luminaria Logo Q.Cine La luminaria Logo Q.Cine \u00e8 un prodotto di design che ritrae lo stile delle tradizioni pugliese e si ispira alle luminarie delle feste patronali. La luminaria \u00e8 realizzata in legno ed \u00e8 disponibile con varie dimensioni. La luminaria Logo Q.Cine \u00e8 il prodotto perfetto per chi cerca una luminaria elegante e raffinata, che sia anche un simbolo della Puglia e della sua cultura. La luminaria \u00e8 ideale per illuminare le attivit\u00e0 commerciali e per attirare l&#039;attenzione dei clienti. Ecco alcuni dettagli aggiuntivi sul prodotto: Materiale: legno Dimensioni: variabili Logo Q.Cine Resistente e durevole Efficiente dal punto di vista energetico Ideale per attivit\u00e0 commerciali e per attirare l&#039;attenzione dei clienti La luminaria Logo Q.Cine \u00e8 un prodotto unico e raffinato, che pu\u00f2 essere utilizzato per illuminare e decorare qualsiasi spazio. La luminaria \u00e8 ideale per attivit\u00e0 commerciali, eventi speciali e per aggiungere un tocco di eleganza alla propria casa. Se stai cercando una luminaria elegante, raffinata e sostenibile, Lumiart \u00e8 la scelta perfetta per te.\" \/>\n<meta property=\"og:url\" content=\"https:\/\/lumiartdesign.it\/index.php\/prodotto\/qcine\/\" \/>\n<meta property=\"og:site_name\" content=\"LUMI ART DESIGN\" \/>\n<meta property=\"article:modified_time\" content=\"2023-11-23T09:48:11+00:00\" \/>\n<meta property=\"og:image\" content=\"https:\/\/lumiartdesign.it\/wp-content\/uploads\/2023\/10\/q.cine_.jpg\" \/>\n\t<meta property=\"og:image:width\" content=\"1387\" \/>\n\t<meta property=\"og:image:height\" content=\"618\" \/>\n\t<meta property=\"og:image:type\" content=\"image\/jpeg\" \/>\n<meta name=\"twitter:card\" content=\"summary_large_image\" \/>\n<meta name=\"twitter:label1\" content=\"Tempo di lettura stimato\" \/>\n\t<meta name=\"twitter:data1\" content=\"1 minuto\" \/>\n<script type=\"application\/ld+json\" class=\"yoast-schema-graph\">{\"@context\":\"https:\\\/\\\/schema.org\",\"@graph\":[{\"@type\":\"WebPage\",\"@id\":\"https:\\\/\\\/lumiartdesign.it\\\/index.php\\\/prodotto\\\/qcine\\\/\",\"url\":\"https:\\\/\\\/lumiartdesign.it\\\/index.php\\\/prodotto\\\/qcine\\\/\",\"name\":\"Luminaria Logo Q.Cine - LUMI ART DESIGN\",\"isPartOf\":{\"@id\":\"https:\\\/\\\/lumiartdesign.it\\\/#website\"},\"primaryImageOfPage\":{\"@id\":\"https:\\\/\\\/lumiartdesign.it\\\/index.php\\\/prodotto\\\/qcine\\\/#primaryimage\"},\"image\":{\"@id\":\"https:\\\/\\\/lumiartdesign.it\\\/index.php\\\/prodotto\\\/qcine\\\/#primaryimage\"},\"thumbnailUrl\":\"https:\\\/\\\/lumiartdesign.it\\\/wp-content\\\/uploads\\\/2023\\\/10\\\/q.cine_.jpg\",\"datePublished\":\"2023-10-26T11:21:08+00:00\",\"dateModified\":\"2023-11-23T09:48:11+00:00\",\"description\":\"Luminaria Logo Q.Cine La luminaria Logo Q.Cine \u00e8 un prodotto di design che ritrae lo stile delle tradizioni pugliese e si ispira alle luminarie delle feste patronali. La luminaria \u00e8 realizzata in legno ed \u00e8 disponibile con varie dimensioni. La luminaria Logo Q.Cine \u00e8 il prodotto perfetto per chi cerca una luminaria elegante e raffinata, che sia anche un simbolo della Puglia e della sua cultura. La luminaria \u00e8 ideale per illuminare le attivit\u00e0 commerciali e per attirare l'attenzione dei clienti. Ecco alcuni dettagli aggiuntivi sul prodotto: Materiale: legno Dimensioni: variabili Logo Q.Cine Resistente e durevole Efficiente dal punto di vista energetico Ideale per attivit\u00e0 commerciali e per attirare l'attenzione dei clienti La luminaria Logo Q.Cine \u00e8 un prodotto unico e raffinato, che pu\u00f2 essere utilizzato per illuminare e decorare qualsiasi spazio. La luminaria \u00e8 ideale per attivit\u00e0 commerciali, eventi speciali e per aggiungere un tocco di eleganza alla propria casa. Se stai cercando una luminaria elegante, raffinata e sostenibile, Lumiart \u00e8 la scelta perfetta per te.\",\"breadcrumb\":{\"@id\":\"https:\\\/\\\/lumiartdesign.it\\\/index.php\\\/prodotto\\\/qcine\\\/#breadcrumb\"},\"inLanguage\":\"it-IT\",\"potentialAction\":[{\"@type\":\"ReadAction\",\"target\":[\"https:\\\/\\\/lumiartdesign.it\\\/index.php\\\/prodotto\\\/qcine\\\/\"]}]},{\"@type\":\"ImageObject\",\"inLanguage\":\"it-IT\",\"@id\":\"https:\\\/\\\/lumiartdesign.it\\\/index.php\\\/prodotto\\\/qcine\\\/#primaryimage\",\"url\":\"https:\\\/\\\/lumiartdesign.it\\\/wp-content\\\/uploads\\\/2023\\\/10\\\/q.cine_.jpg\",\"contentUrl\":\"https:\\\/\\\/lumiartdesign.it\\\/wp-content\\\/uploads\\\/2023\\\/10\\\/q.cine_.jpg\",\"width\":1387,\"height\":618,\"caption\":\"Luminaria Logo Q.Cine\"},{\"@type\":\"BreadcrumbList\",\"@id\":\"https:\\\/\\\/lumiartdesign.it\\\/index.php\\\/prodotto\\\/qcine\\\/#breadcrumb\",\"itemListElement\":[{\"@type\":\"ListItem\",\"position\":1,\"name\":\"Home\",\"item\":\"https:\\\/\\\/lumiartdesign.it\\\/\"},{\"@type\":\"ListItem\",\"position\":2,\"name\":\"Creazioni\",\"item\":\"https:\\\/\\\/lumiartdesign.it\\\/index.php\\\/creazioni\\\/\"},{\"@type\":\"ListItem\",\"position\":3,\"name\":\"Luminaria Logo Q.Cine\"}]},{\"@type\":\"WebSite\",\"@id\":\"https:\\\/\\\/lumiartdesign.it\\\/#website\",\"url\":\"https:\\\/\\\/lumiartdesign.it\\\/\",\"name\":\"LUMI ART DESIGN\",\"description\":\"by Rosario Bruno\",\"publisher\":{\"@id\":\"https:\\\/\\\/lumiartdesign.it\\\/#organization\"},\"potentialAction\":[{\"@type\":\"SearchAction\",\"target\":{\"@type\":\"EntryPoint\",\"urlTemplate\":\"https:\\\/\\\/lumiartdesign.it\\\/?s={search_term_string}\"},\"query-input\":{\"@type\":\"PropertyValueSpecification\",\"valueRequired\":true,\"valueName\":\"search_term_string\"}}],\"inLanguage\":\"it-IT\"},{\"@type\":\"Organization\",\"@id\":\"https:\\\/\\\/lumiartdesign.it\\\/#organization\",\"name\":\"LUMI ART DESIGN\",\"url\":\"https:\\\/\\\/lumiartdesign.it\\\/\",\"logo\":{\"@type\":\"ImageObject\",\"inLanguage\":\"it-IT\",\"@id\":\"https:\\\/\\\/lumiartdesign.it\\\/#\\\/schema\\\/logo\\\/image\\\/\",\"url\":\"https:\\\/\\\/lumiartdesign.it\\\/wp-content\\\/uploads\\\/2023\\\/07\\\/cropped-Gruppo-di-5-oggettifavicon-1.png\",\"contentUrl\":\"https:\\\/\\\/lumiartdesign.it\\\/wp-content\\\/uploads\\\/2023\\\/07\\\/cropped-Gruppo-di-5-oggettifavicon-1.png\",\"width\":166,\"height\":88,\"caption\":\"LUMI ART DESIGN\"},\"image\":{\"@id\":\"https:\\\/\\\/lumiartdesign.it\\\/#\\\/schema\\\/logo\\\/image\\\/\"}}]}<\/script>\n<!-- \/ Yoast SEO plugin. -->","yoast_head_json":{"title":"Luminaria Logo Q.Cine - LUMI ART DESIGN","description":"Luminaria Logo Q.Cine La luminaria Logo Q.Cine \u00e8 un prodotto di design che ritrae lo stile delle tradizioni pugliese e si ispira alle luminarie delle feste patronali. La luminaria \u00e8 realizzata in legno ed \u00e8 disponibile con varie dimensioni. La luminaria Logo Q.Cine \u00e8 il prodotto perfetto per chi cerca una luminaria elegante e raffinata, che sia anche un simbolo della Puglia e della sua cultura. La luminaria \u00e8 ideale per illuminare le attivit\u00e0 commerciali e per attirare l'attenzione dei clienti. Ecco alcuni dettagli aggiuntivi sul prodotto: Materiale: legno Dimensioni: variabili Logo Q.Cine Resistente e durevole Efficiente dal punto di vista energetico Ideale per attivit\u00e0 commerciali e per attirare l'attenzione dei clienti La luminaria Logo Q.Cine \u00e8 un prodotto unico e raffinato, che pu\u00f2 essere utilizzato per illuminare e decorare qualsiasi spazio. La luminaria \u00e8 ideale per attivit\u00e0 commerciali, eventi speciali e per aggiungere un tocco di eleganza alla propria casa. Se stai cercando una luminaria elegante, raffinata e sostenibile, Lumiart \u00e8 la scelta perfetta per te.","robots":{"index":"index","follow":"follow","max-snippet":"max-snippet:-1","max-image-preview":"max-image-preview:large","max-video-preview":"max-video-preview:-1"},"canonical":"https:\/\/lumiartdesign.it\/index.php\/prodotto\/qcine\/","og_locale":"it_IT","og_type":"article","og_title":"Luminaria Logo Q.Cine - LUMI ART DESIGN","og_description":"Luminaria Logo Q.Cine La luminaria Logo Q.Cine \u00e8 un prodotto di design che ritrae lo stile delle tradizioni pugliese e si ispira alle luminarie delle feste patronali. La luminaria \u00e8 realizzata in legno ed \u00e8 disponibile con varie dimensioni. La luminaria Logo Q.Cine \u00e8 il prodotto perfetto per chi cerca una luminaria elegante e raffinata, che sia anche un simbolo della Puglia e della sua cultura. La luminaria \u00e8 ideale per illuminare le attivit\u00e0 commerciali e per attirare l'attenzione dei clienti. Ecco alcuni dettagli aggiuntivi sul prodotto: Materiale: legno Dimensioni: variabili Logo Q.Cine Resistente e durevole Efficiente dal punto di vista energetico Ideale per attivit\u00e0 commerciali e per attirare l'attenzione dei clienti La luminaria Logo Q.Cine \u00e8 un prodotto unico e raffinato, che pu\u00f2 essere utilizzato per illuminare e decorare qualsiasi spazio. La luminaria \u00e8 ideale per attivit\u00e0 commerciali, eventi speciali e per aggiungere un tocco di eleganza alla propria casa. Se stai cercando una luminaria elegante, raffinata e sostenibile, Lumiart \u00e8 la scelta perfetta per te.","og_url":"https:\/\/lumiartdesign.it\/index.php\/prodotto\/qcine\/","og_site_name":"LUMI ART DESIGN","article_modified_time":"2023-11-23T09:48:11+00:00","og_image":[{"width":1387,"height":618,"url":"https:\/\/lumiartdesign.it\/wp-content\/uploads\/2023\/10\/q.cine_.jpg","type":"image\/jpeg"}],"twitter_card":"summary_large_image","twitter_misc":{"Tempo di lettura stimato":"1 minuto"},"schema":{"@context":"https:\/\/schema.org","@graph":[{"@type":"WebPage","@id":"https:\/\/lumiartdesign.it\/index.php\/prodotto\/qcine\/","url":"https:\/\/lumiartdesign.it\/index.php\/prodotto\/qcine\/","name":"Luminaria Logo Q.Cine - LUMI ART DESIGN","isPartOf":{"@id":"https:\/\/lumiartdesign.it\/#website"},"primaryImageOfPage":{"@id":"https:\/\/lumiartdesign.it\/index.php\/prodotto\/qcine\/#primaryimage"},"image":{"@id":"https:\/\/lumiartdesign.it\/index.php\/prodotto\/qcine\/#primaryimage"},"thumbnailUrl":"https:\/\/lumiartdesign.it\/wp-content\/uploads\/2023\/10\/q.cine_.jpg","datePublished":"2023-10-26T11:21:08+00:00","dateModified":"2023-11-23T09:48:11+00:00","description":"Luminaria Logo Q.Cine La luminaria Logo Q.Cine \u00e8 un prodotto di design che ritrae lo stile delle tradizioni pugliese e si ispira alle luminarie delle feste patronali. La luminaria \u00e8 realizzata in legno ed \u00e8 disponibile con varie dimensioni. La luminaria Logo Q.Cine \u00e8 il prodotto perfetto per chi cerca una luminaria elegante e raffinata, che sia anche un simbolo della Puglia e della sua cultura. La luminaria \u00e8 ideale per illuminare le attivit\u00e0 commerciali e per attirare l'attenzione dei clienti. Ecco alcuni dettagli aggiuntivi sul prodotto: Materiale: legno Dimensioni: variabili Logo Q.Cine Resistente e durevole Efficiente dal punto di vista energetico Ideale per attivit\u00e0 commerciali e per attirare l'attenzione dei clienti La luminaria Logo Q.Cine \u00e8 un prodotto unico e raffinato, che pu\u00f2 essere utilizzato per illuminare e decorare qualsiasi spazio. La luminaria \u00e8 ideale per attivit\u00e0 commerciali, eventi speciali e per aggiungere un tocco di eleganza alla propria casa. Se stai cercando una luminaria elegante, raffinata e sostenibile, Lumiart \u00e8 la scelta perfetta per te.","breadcrumb":{"@id":"https:\/\/lumiartdesign.it\/index.php\/prodotto\/qcine\/#breadcrumb"},"inLanguage":"it-IT","potentialAction":[{"@type":"ReadAction","target":["https:\/\/lumiartdesign.it\/index.php\/prodotto\/qcine\/"]}]},{"@type":"ImageObject","inLanguage":"it-IT","@id":"https:\/\/lumiartdesign.it\/index.php\/prodotto\/qcine\/#primaryimage","url":"https:\/\/lumiartdesign.it\/wp-content\/uploads\/2023\/10\/q.cine_.jpg","contentUrl":"https:\/\/lumiartdesign.it\/wp-content\/uploads\/2023\/10\/q.cine_.jpg","width":1387,"height":618,"caption":"Luminaria Logo Q.Cine"},{"@type":"BreadcrumbList","@id":"https:\/\/lumiartdesign.it\/index.php\/prodotto\/qcine\/#breadcrumb","itemListElement":[{"@type":"ListItem","position":1,"name":"Home","item":"https:\/\/lumiartdesign.it\/"},{"@type":"ListItem","position":2,"name":"Creazioni","item":"https:\/\/lumiartdesign.it\/index.php\/creazioni\/"},{"@type":"ListItem","position":3,"name":"Luminaria Logo Q.Cine"}]},{"@type":"WebSite","@id":"https:\/\/lumiartdesign.it\/#website","url":"https:\/\/lumiartdesign.it\/","name":"LUMI ART DESIGN","description":"by Rosario Bruno","publisher":{"@id":"https:\/\/lumiartdesign.it\/#organization"},"potentialAction":[{"@type":"SearchAction","target":{"@type":"EntryPoint","urlTemplate":"https:\/\/lumiartdesign.it\/?s={search_term_string}"},"query-input":{"@type":"PropertyValueSpecification","valueRequired":true,"valueName":"search_term_string"}}],"inLanguage":"it-IT"},{"@type":"Organization","@id":"https:\/\/lumiartdesign.it\/#organization","name":"LUMI ART DESIGN","url":"https:\/\/lumiartdesign.it\/","logo":{"@type":"ImageObject","inLanguage":"it-IT","@id":"https:\/\/lumiartdesign.it\/#\/schema\/logo\/image\/","url":"https:\/\/lumiartdesign.it\/wp-content\/uploads\/2023\/07\/cropped-Gruppo-di-5-oggettifavicon-1.png","contentUrl":"https:\/\/lumiartdesign.it\/wp-content\/uploads\/2023\/07\/cropped-Gruppo-di-5-oggettifavicon-1.png","width":166,"height":88,"caption":"LUMI ART DESIGN"},"image":{"@id":"https:\/\/lumiartdesign.it\/#\/schema\/logo\/image\/"}}]}},"_links":{"self":[{"href":"https:\/\/lumiartdesign.it\/index.php\/wp-json\/wp\/v2\/product\/434","targetHints":{"allow":["GET"]}}],"collection":[{"href":"https:\/\/lumiartdesign.it\/index.php\/wp-json\/wp\/v2\/product"}],"about":[{"href":"https:\/\/lumiartdesign.it\/index.php\/wp-json\/wp\/v2\/types\/product"}],"wp:featuredmedia":[{"embeddable":true,"href":"https:\/\/lumiartdesign.it\/index.php\/wp-json\/wp\/v2\/media\/435"}],"wp:attachment":[{"href":"https:\/\/lumiartdesign.it\/index.php\/wp-json\/wp\/v2\/media?parent=434"}],"wp:term":[{"taxonomy":"product_brand","embeddable":true,"href":"https:\/\/lumiartdesign.it\/index.php\/wp-json\/wp\/v2\/product_brand?post=434"},{"taxonomy":"product_cat","embeddable":true,"href":"https:\/\/lumiartdesign.it\/index.php\/wp-json\/wp\/v2\/product_cat?post=434"},{"taxonomy":"product_tag","embeddable":true,"href":"https:\/\/lumiartdesign.it\/index.php\/wp-json\/wp\/v2\/product_tag?post=434"}],"curies":[{"name":"wp","href":"https:\/\/api.w.org\/{rel}","templated":true}]}}