{"id":676,"date":"2024-06-28T17:53:23","date_gmt":"2024-06-28T17:53:23","guid":{"rendered":"https:\/\/lumiartdesign.it\/?post_type=product&#038;p=676"},"modified":"2025-10-16T10:59:28","modified_gmt":"2025-10-16T10:59:28","slug":"luminaria-puglia","status":"publish","type":"product","link":"https:\/\/lumiartdesign.it\/index.php\/prodotto\/luminaria-puglia\/","title":{"rendered":"Luminaria Puglia"},"content":{"rendered":"<div class=\"markdown markdown-main-panel\" dir=\"ltr\">\n<div class=\"markdown markdown-main-panel\" dir=\"ltr\">\n<div class=\"content user-select-text\" tabindex=\"0\" role=\"heading\" aria-level=\"6\" aria-description=\"\" aria-label=\"Inviato da Copilot: Ecco la scheda prodotto per la **Luminaria Puglia**: --- ## Luminaria Puglia La **Luminaria Puglia** \u00e8 un pezzo unico realizzato in legno di alta qualit\u00e0. La sua forma rappresenta la bellissima regione della Puglia, con i suoi contorni distintivi e le sue coste affascinanti. Questa luminaria \u00e8 un connubio di eleganza e tradizione, perfetta per arricchire qualsiasi ambiente. ### Caratteristiche principali: - **Materiale**: Legno pregiato di colore bianco. - **Dimensioni**: Lunghezza di 140 cm. - **Illuminazione**: LED a basso consumo, che emanano una luce calda e soffusa. Ideale per creare un'atmosfera accogliente e suggestiva. La **Luminaria Puglia** \u00e8 perfetta per decorare il tuo spazio con un tocco di autenticit\u00e0 e bellezza. Aggiungi un pezzo di tradizione pugliese alla tua casa o al tuo ufficio! ![Luminaria Puglia](https:\/\/i.imgur.com\/your_image_url_here.jpg) --- Spero che questa scheda prodotto sia di tuo gradimento! Se hai altre richieste o domande, sar\u00f2 felice di assisterti. \ud83d\ude0a\">\n<div class=\"ac-container ac-adaptiveCard has-image\">\n<div class=\"ac-textBlock\">\n<h2>Luminaria Puglia<\/h2>\n<p>La <strong>Luminaria Puglia<\/strong> \u00e8 un pezzo unico realizzato in legno di alta qualit\u00e0. La sua forma rappresenta la bellissima regione della Puglia, con i suoi contorni distintivi e le sue coste affascinanti. Questa luminaria \u00e8 un connubio di eleganza e tradizione, perfetta per arricchire qualsiasi ambiente.<\/p>\n<h3>Caratteristiche principali:<\/h3>\n<ul>\n<li><strong>Materiale<\/strong>: Legno pregiato di colore bianco.<\/li>\n<li><strong>Dimensioni<\/strong>: Lunghezza di 140 cm.<\/li>\n<li><strong>Illuminazione<\/strong>: LED a basso consumo, che emanano una luce calda e soffusa. Ideale per creare un\u2019atmosfera accogliente e suggestiva.<\/li>\n<\/ul>\n<p>La <strong>Luminaria Puglia<\/strong> \u00e8 perfetta per decorare il tuo spazio con un tocco di autenticit\u00e0 e bellezza. Aggiungi un pezzo di tradizione pugliese alla tua casa o al tuo ufficio!<\/p>\n<\/div>\n<\/div>\n<\/div>\n<\/div>\n<\/div>\n<p>&nbsp;<\/p>\n<p>Per info e prezzi clicca sul <strong>tasto verde &#8220;Assistenza Clienti&#8221;<\/strong><\/p>\n<p>&nbsp;<\/p>\n<hr \/>\n<p>&nbsp;<\/p>\n","protected":false},"excerpt":{"rendered":"<div class=\"markdown markdown-main-panel\" dir=\"ltr\">\n<div class=\"markdown markdown-main-panel\" dir=\"ltr\">\n<div class=\"content user-select-text\" tabindex=\"0\" role=\"heading\" aria-level=\"6\" aria-description=\"\" aria-label=\"Inviato da Copilot: Ecco la scheda prodotto per la **Luminaria Puglia**: --- ## Luminaria Puglia La **Luminaria Puglia** \u00e8 un pezzo unico realizzato in legno di alta qualit\u00e0. La sua forma rappresenta la bellissima regione della Puglia, con i suoi contorni distintivi e le sue coste affascinanti. Questa luminaria \u00e8 un connubio di eleganza e tradizione, perfetta per arricchire qualsiasi ambiente. ### Caratteristiche principali: - **Materiale**: Legno pregiato di colore bianco. - **Dimensioni**: Lunghezza di 140 cm. - **Illuminazione**: LED a basso consumo, che emanano una luce calda e soffusa. Ideale per creare un'atmosfera accogliente e suggestiva. La **Luminaria Puglia** \u00e8 perfetta per decorare il tuo spazio con un tocco di autenticit\u00e0 e bellezza. Aggiungi un pezzo di tradizione pugliese alla tua casa o al tuo ufficio! ![Luminaria Puglia](https:\/\/i.imgur.com\/your_image_url_here.jpg) --- Spero che questa scheda prodotto sia di tuo gradimento! Se hai altre richieste o domande, sar\u00f2 felice di assisterti. \ud83d\ude0a\">\n<div class=\"ac-container ac-adaptiveCard has-image\">\n<div class=\"ac-textBlock\">\n<h2>Luminaria Puglia<\/h2>\n<p>La <strong>Luminaria Puglia<\/strong> \u00e8 un pezzo unico realizzato in legno di alta qualit\u00e0. La sua forma rappresenta la bellissima regione della Puglia, con i suoi contorni distintivi e le sue coste affascinanti. Questa luminaria \u00e8 un connubio di eleganza e tradizione, perfetta per arricchire qualsiasi ambiente.<\/p>\n<p>La <strong>Luminaria Puglia<\/strong> \u00e8 perfetta per decorare il tuo spazio con un tocco di autenticit\u00e0 e bellezza. Aggiungi un pezzo di tradizione pugliese alla tua casa o al tuo ufficio!<\/p>\n<\/div>\n<\/div>\n<\/div>\n<\/div>\n<\/div>\n","protected":false},"featured_media":666,"template":"","meta":{"_eb_attr":""},"product_brand":[],"product_cat":[21,77,20],"product_tag":[36,38,26,41,34,40,30,37,23,28],"class_list":{"0":"post-676","1":"product","2":"type-product","3":"status-publish","4":"has-post-thumbnail","6":"product_cat-complementi-di-arredo","7":"product_cat-loghi","8":"product_cat-luminarie-tradizionali","9":"product_tag-allestimento-negozi","10":"product_tag-colori","11":"product_tag-complementi-di-arredo","12":"product_tag-feste","13":"product_tag-fiore","14":"product_tag-idea-regalo","15":"product_tag-logo","16":"product_tag-luci","17":"product_tag-luminarie","18":"product_tag-personalizzazione","20":"first","21":"instock","22":"taxable","23":"shipping-taxable","24":"product-type-simple"},"yoast_head":"<!-- This site is optimized with the Yoast SEO plugin v27.6 - https:\/\/yoast.com\/product\/yoast-seo-wordpress\/ -->\n<title>Luminaria Puglia - LUMI ART DESIGN<\/title>\n<meta name=\"robots\" content=\"index, follow, max-snippet:-1, max-image-preview:large, max-video-preview:-1\" \/>\n<link rel=\"canonical\" href=\"https:\/\/lumiartdesign.it\/index.php\/prodotto\/luminaria-puglia\/\" \/>\n<meta property=\"og:locale\" content=\"it_IT\" \/>\n<meta property=\"og:type\" content=\"article\" \/>\n<meta property=\"og:title\" content=\"Luminaria Puglia - LUMI ART DESIGN\" \/>\n<meta property=\"og:description\" content=\"Luminaria Puglia La Luminaria Puglia \u00e8 un pezzo unico realizzato in legno di alta qualit\u00e0. La sua forma rappresenta la bellissima regione della Puglia, con i suoi contorni distintivi e le sue coste affascinanti. Questa luminaria \u00e8 un connubio di eleganza e tradizione, perfetta per arricchire qualsiasi ambiente.  La Luminaria Puglia \u00e8 perfetta per decorare il tuo spazio con un tocco di autenticit\u00e0 e bellezza. Aggiungi un pezzo di tradizione pugliese alla tua casa o al tuo ufficio!\" \/>\n<meta property=\"og:url\" content=\"https:\/\/lumiartdesign.it\/index.php\/prodotto\/luminaria-puglia\/\" \/>\n<meta property=\"og:site_name\" content=\"LUMI ART DESIGN\" \/>\n<meta property=\"article:modified_time\" content=\"2025-10-16T10:59:28+00:00\" \/>\n<meta property=\"og:image\" content=\"https:\/\/lumiartdesign.it\/wp-content\/uploads\/2024\/04\/lumiartdesign-2024_-15.jpg\" \/>\n\t<meta property=\"og:image:width\" content=\"1068\" \/>\n\t<meta property=\"og:image:height\" content=\"913\" \/>\n\t<meta property=\"og:image:type\" content=\"image\/jpeg\" \/>\n<meta name=\"twitter:card\" content=\"summary_large_image\" \/>\n<meta name=\"twitter:label1\" content=\"Tempo di lettura stimato\" \/>\n\t<meta name=\"twitter:data1\" content=\"1 minuto\" \/>\n<script type=\"application\/ld+json\" class=\"yoast-schema-graph\">{\"@context\":\"https:\\\/\\\/schema.org\",\"@graph\":[{\"@type\":\"WebPage\",\"@id\":\"https:\\\/\\\/lumiartdesign.it\\\/index.php\\\/prodotto\\\/luminaria-puglia\\\/\",\"url\":\"https:\\\/\\\/lumiartdesign.it\\\/index.php\\\/prodotto\\\/luminaria-puglia\\\/\",\"name\":\"Luminaria Puglia - LUMI ART DESIGN\",\"isPartOf\":{\"@id\":\"https:\\\/\\\/lumiartdesign.it\\\/#website\"},\"primaryImageOfPage\":{\"@id\":\"https:\\\/\\\/lumiartdesign.it\\\/index.php\\\/prodotto\\\/luminaria-puglia\\\/#primaryimage\"},\"image\":{\"@id\":\"https:\\\/\\\/lumiartdesign.it\\\/index.php\\\/prodotto\\\/luminaria-puglia\\\/#primaryimage\"},\"thumbnailUrl\":\"https:\\\/\\\/lumiartdesign.it\\\/wp-content\\\/uploads\\\/2024\\\/04\\\/lumiartdesign-2024_-15.jpg\",\"datePublished\":\"2024-06-28T17:53:23+00:00\",\"dateModified\":\"2025-10-16T10:59:28+00:00\",\"breadcrumb\":{\"@id\":\"https:\\\/\\\/lumiartdesign.it\\\/index.php\\\/prodotto\\\/luminaria-puglia\\\/#breadcrumb\"},\"inLanguage\":\"it-IT\",\"potentialAction\":[{\"@type\":\"ReadAction\",\"target\":[\"https:\\\/\\\/lumiartdesign.it\\\/index.php\\\/prodotto\\\/luminaria-puglia\\\/\"]}]},{\"@type\":\"ImageObject\",\"inLanguage\":\"it-IT\",\"@id\":\"https:\\\/\\\/lumiartdesign.it\\\/index.php\\\/prodotto\\\/luminaria-puglia\\\/#primaryimage\",\"url\":\"https:\\\/\\\/lumiartdesign.it\\\/wp-content\\\/uploads\\\/2024\\\/04\\\/lumiartdesign-2024_-15.jpg\",\"contentUrl\":\"https:\\\/\\\/lumiartdesign.it\\\/wp-content\\\/uploads\\\/2024\\\/04\\\/lumiartdesign-2024_-15.jpg\",\"width\":1068,\"height\":913},{\"@type\":\"BreadcrumbList\",\"@id\":\"https:\\\/\\\/lumiartdesign.it\\\/index.php\\\/prodotto\\\/luminaria-puglia\\\/#breadcrumb\",\"itemListElement\":[{\"@type\":\"ListItem\",\"position\":1,\"name\":\"Home\",\"item\":\"https:\\\/\\\/lumiartdesign.it\\\/\"},{\"@type\":\"ListItem\",\"position\":2,\"name\":\"Creazioni\",\"item\":\"https:\\\/\\\/lumiartdesign.it\\\/index.php\\\/creazioni\\\/\"},{\"@type\":\"ListItem\",\"position\":3,\"name\":\"Luminaria Puglia\"}]},{\"@type\":\"WebSite\",\"@id\":\"https:\\\/\\\/lumiartdesign.it\\\/#website\",\"url\":\"https:\\\/\\\/lumiartdesign.it\\\/\",\"name\":\"LUMI ART DESIGN\",\"description\":\"by Rosario Bruno\",\"publisher\":{\"@id\":\"https:\\\/\\\/lumiartdesign.it\\\/#organization\"},\"potentialAction\":[{\"@type\":\"SearchAction\",\"target\":{\"@type\":\"EntryPoint\",\"urlTemplate\":\"https:\\\/\\\/lumiartdesign.it\\\/?s={search_term_string}\"},\"query-input\":{\"@type\":\"PropertyValueSpecification\",\"valueRequired\":true,\"valueName\":\"search_term_string\"}}],\"inLanguage\":\"it-IT\"},{\"@type\":\"Organization\",\"@id\":\"https:\\\/\\\/lumiartdesign.it\\\/#organization\",\"name\":\"LUMI ART DESIGN\",\"url\":\"https:\\\/\\\/lumiartdesign.it\\\/\",\"logo\":{\"@type\":\"ImageObject\",\"inLanguage\":\"it-IT\",\"@id\":\"https:\\\/\\\/lumiartdesign.it\\\/#\\\/schema\\\/logo\\\/image\\\/\",\"url\":\"https:\\\/\\\/lumiartdesign.it\\\/wp-content\\\/uploads\\\/2023\\\/07\\\/cropped-Gruppo-di-5-oggettifavicon-1.png\",\"contentUrl\":\"https:\\\/\\\/lumiartdesign.it\\\/wp-content\\\/uploads\\\/2023\\\/07\\\/cropped-Gruppo-di-5-oggettifavicon-1.png\",\"width\":166,\"height\":88,\"caption\":\"LUMI ART DESIGN\"},\"image\":{\"@id\":\"https:\\\/\\\/lumiartdesign.it\\\/#\\\/schema\\\/logo\\\/image\\\/\"}}]}<\/script>\n<!-- \/ Yoast SEO plugin. -->","yoast_head_json":{"title":"Luminaria Puglia - LUMI ART DESIGN","robots":{"index":"index","follow":"follow","max-snippet":"max-snippet:-1","max-image-preview":"max-image-preview:large","max-video-preview":"max-video-preview:-1"},"canonical":"https:\/\/lumiartdesign.it\/index.php\/prodotto\/luminaria-puglia\/","og_locale":"it_IT","og_type":"article","og_title":"Luminaria Puglia - LUMI ART DESIGN","og_description":"Luminaria Puglia La Luminaria Puglia \u00e8 un pezzo unico realizzato in legno di alta qualit\u00e0. La sua forma rappresenta la bellissima regione della Puglia, con i suoi contorni distintivi e le sue coste affascinanti. Questa luminaria \u00e8 un connubio di eleganza e tradizione, perfetta per arricchire qualsiasi ambiente.  La Luminaria Puglia \u00e8 perfetta per decorare il tuo spazio con un tocco di autenticit\u00e0 e bellezza. Aggiungi un pezzo di tradizione pugliese alla tua casa o al tuo ufficio!","og_url":"https:\/\/lumiartdesign.it\/index.php\/prodotto\/luminaria-puglia\/","og_site_name":"LUMI ART DESIGN","article_modified_time":"2025-10-16T10:59:28+00:00","og_image":[{"width":1068,"height":913,"url":"https:\/\/lumiartdesign.it\/wp-content\/uploads\/2024\/04\/lumiartdesign-2024_-15.jpg","type":"image\/jpeg"}],"twitter_card":"summary_large_image","twitter_misc":{"Tempo di lettura stimato":"1 minuto"},"schema":{"@context":"https:\/\/schema.org","@graph":[{"@type":"WebPage","@id":"https:\/\/lumiartdesign.it\/index.php\/prodotto\/luminaria-puglia\/","url":"https:\/\/lumiartdesign.it\/index.php\/prodotto\/luminaria-puglia\/","name":"Luminaria Puglia - LUMI ART DESIGN","isPartOf":{"@id":"https:\/\/lumiartdesign.it\/#website"},"primaryImageOfPage":{"@id":"https:\/\/lumiartdesign.it\/index.php\/prodotto\/luminaria-puglia\/#primaryimage"},"image":{"@id":"https:\/\/lumiartdesign.it\/index.php\/prodotto\/luminaria-puglia\/#primaryimage"},"thumbnailUrl":"https:\/\/lumiartdesign.it\/wp-content\/uploads\/2024\/04\/lumiartdesign-2024_-15.jpg","datePublished":"2024-06-28T17:53:23+00:00","dateModified":"2025-10-16T10:59:28+00:00","breadcrumb":{"@id":"https:\/\/lumiartdesign.it\/index.php\/prodotto\/luminaria-puglia\/#breadcrumb"},"inLanguage":"it-IT","potentialAction":[{"@type":"ReadAction","target":["https:\/\/lumiartdesign.it\/index.php\/prodotto\/luminaria-puglia\/"]}]},{"@type":"ImageObject","inLanguage":"it-IT","@id":"https:\/\/lumiartdesign.it\/index.php\/prodotto\/luminaria-puglia\/#primaryimage","url":"https:\/\/lumiartdesign.it\/wp-content\/uploads\/2024\/04\/lumiartdesign-2024_-15.jpg","contentUrl":"https:\/\/lumiartdesign.it\/wp-content\/uploads\/2024\/04\/lumiartdesign-2024_-15.jpg","width":1068,"height":913},{"@type":"BreadcrumbList","@id":"https:\/\/lumiartdesign.it\/index.php\/prodotto\/luminaria-puglia\/#breadcrumb","itemListElement":[{"@type":"ListItem","position":1,"name":"Home","item":"https:\/\/lumiartdesign.it\/"},{"@type":"ListItem","position":2,"name":"Creazioni","item":"https:\/\/lumiartdesign.it\/index.php\/creazioni\/"},{"@type":"ListItem","position":3,"name":"Luminaria Puglia"}]},{"@type":"WebSite","@id":"https:\/\/lumiartdesign.it\/#website","url":"https:\/\/lumiartdesign.it\/","name":"LUMI ART DESIGN","description":"by Rosario Bruno","publisher":{"@id":"https:\/\/lumiartdesign.it\/#organization"},"potentialAction":[{"@type":"SearchAction","target":{"@type":"EntryPoint","urlTemplate":"https:\/\/lumiartdesign.it\/?s={search_term_string}"},"query-input":{"@type":"PropertyValueSpecification","valueRequired":true,"valueName":"search_term_string"}}],"inLanguage":"it-IT"},{"@type":"Organization","@id":"https:\/\/lumiartdesign.it\/#organization","name":"LUMI ART DESIGN","url":"https:\/\/lumiartdesign.it\/","logo":{"@type":"ImageObject","inLanguage":"it-IT","@id":"https:\/\/lumiartdesign.it\/#\/schema\/logo\/image\/","url":"https:\/\/lumiartdesign.it\/wp-content\/uploads\/2023\/07\/cropped-Gruppo-di-5-oggettifavicon-1.png","contentUrl":"https:\/\/lumiartdesign.it\/wp-content\/uploads\/2023\/07\/cropped-Gruppo-di-5-oggettifavicon-1.png","width":166,"height":88,"caption":"LUMI ART DESIGN"},"image":{"@id":"https:\/\/lumiartdesign.it\/#\/schema\/logo\/image\/"}}]}},"_links":{"self":[{"href":"https:\/\/lumiartdesign.it\/index.php\/wp-json\/wp\/v2\/product\/676","targetHints":{"allow":["GET"]}}],"collection":[{"href":"https:\/\/lumiartdesign.it\/index.php\/wp-json\/wp\/v2\/product"}],"about":[{"href":"https:\/\/lumiartdesign.it\/index.php\/wp-json\/wp\/v2\/types\/product"}],"wp:featuredmedia":[{"embeddable":true,"href":"https:\/\/lumiartdesign.it\/index.php\/wp-json\/wp\/v2\/media\/666"}],"wp:attachment":[{"href":"https:\/\/lumiartdesign.it\/index.php\/wp-json\/wp\/v2\/media?parent=676"}],"wp:term":[{"taxonomy":"product_brand","embeddable":true,"href":"https:\/\/lumiartdesign.it\/index.php\/wp-json\/wp\/v2\/product_brand?post=676"},{"taxonomy":"product_cat","embeddable":true,"href":"https:\/\/lumiartdesign.it\/index.php\/wp-json\/wp\/v2\/product_cat?post=676"},{"taxonomy":"product_tag","embeddable":true,"href":"https:\/\/lumiartdesign.it\/index.php\/wp-json\/wp\/v2\/product_tag?post=676"}],"curies":[{"name":"wp","href":"https:\/\/api.w.org\/{rel}","templated":true}]}}